{"id":407,"date":"2025-09-01T10:48:07","date_gmt":"2025-09-01T10:48:07","guid":{"rendered":"https:\/\/ateliervassant.com\/?page_id=407"},"modified":"2025-09-23T05:55:57","modified_gmt":"2025-09-23T05:55:57","slug":"%e6%8f%90%e5%8f%8a%e6%b3%95%e5%be%8b","status":"publish","type":"page","link":"https:\/\/ateliervassant.com\/zh\/%e6%8f%90%e5%8f%8a%e6%b3%95%e5%be%8b\/","title":{"rendered":"\u91cd\u8981\u63d0\u793a"},"content":{"rendered":"<div data-elementor-type=\"wp-page\" data-elementor-id=\"407\" class=\"elementor elementor-407\">\n\t\t\t\t\t\t<section class=\"elementor-section elementor-top-section elementor-element elementor-element-71b1cf0 elementor-section-full_width elementor-section-content-middle sc_layouts_row sc_layouts_row_type_narrow elementor-section-stretched elementor-section-height-default elementor-section-height-default sc_fly_static\" data-id=\"71b1cf0\" data-element_type=\"section\" data-settings=\"{&quot;stretch_section&quot;:&quot;section-stretched&quot;}\">\n\t\t\t\t\t\t<div class=\"elementor-container elementor-column-gap-extended\">\n\t\t\t\t\t<div class=\"elementor-column elementor-col-50 elementor-top-column elementor-element elementor-element-e27b96d sc_content_align_inherit sc_layouts_column_icons_position_left sc_fly_static\" data-id=\"e27b96d\" data-element_type=\"column\">\n\t\t\t<div class=\"elementor-widget-wrap elementor-element-populated\">\n\t\t\t\t\t\t<div class=\"elementor-element elementor-element-a1645a6 sc_fly_static elementor-widget elementor-widget-trx_sc_layouts_logo\" data-id=\"a1645a6\" data-element_type=\"widget\" data-widget_type=\"trx_sc_layouts_logo.default\">\n\t\t\t\t<div class=\"elementor-widget-container\">\n\t\t\t\t\t<a href=\"https:\/\/ateliervassant.com\/zh\/\"\n\t\tclass=\"sc_layouts_logo sc_layouts_logo_default trx_addons_inline_1773372816\" ><img fetchpriority=\"high\" class=\"logo_image\"\n\t\t\t\t\tsrc=\"\/\/ateliervassant.com\/wp-content\/uploads\/2025\/08\/main-logo.png\"\n\t\t\t\t\t\t\t\t\t\t\tsrcset=\"\"\n\t\t\t\t\t\t\t\t\t\t\talt=\"\u74e6\u6851\u5de5\u4f5c\u5ba4\" width=\"350\" height=\"248\" data-srcset=\"\"><\/a>\t\t\t\t<\/div>\n\t\t\t\t<\/div>\n\t\t\t\t\t<\/div>\n\t\t<\/div>\n\t\t\t\t<div class=\"elementor-column elementor-col-50 elementor-top-column elementor-element elementor-element-bfa4adf sc_layouts_column_align_right sc_layouts_column sc_content_align_inherit sc_layouts_column_icons_position_left sc_fly_static\" data-id=\"bfa4adf\" data-element_type=\"column\">\n\t\t\t<div class=\"elementor-widget-wrap elementor-element-populated\">\n\t\t\t\t\t\t<div class=\"elementor-element elementor-element-9e4d530 sc_fly_static elementor-widget elementor-widget-trx_sc_layouts_menu\" data-id=\"9e4d530\" data-element_type=\"widget\" data-widget_type=\"trx_sc_layouts_menu.default\">\n\t\t\t\t<div class=\"elementor-widget-container\">\n\t\t\t\t\t<div class=\"sc_layouts_iconed_text sc_layouts_menu_mobile_button_burger sc_layouts_menu_mobile_button\">\n\t\t<a class=\"sc_layouts_item_link sc_layouts_iconed_text_link\" href=\"#\" role=\"button\">\n\t\t\t<span class=\"sc_layouts_item_icon sc_layouts_iconed_text_icon trx_addons_icon-menu\"><\/span>\n\t\t<\/a>\n\t\t<\/div>\t\t\t\t<\/div>\n\t\t\t\t<\/div>\n\t\t\t\t\t<\/div>\n\t\t<\/div>\n\t\t\t\t\t<\/div>\n\t\t<\/section>\n\t\t\t\t<section class=\"elementor-section elementor-top-section elementor-element elementor-element-1a27fc3 elementor-section-boxed elementor-section-height-default elementor-section-height-default sc_fly_static\" data-id=\"1a27fc3\" data-element_type=\"section\">\n\t\t\t\t\t\t<div class=\"elementor-container elementor-column-gap-extended\">\n\t\t\t\t\t<div class=\"elementor-column elementor-col-100 elementor-top-column elementor-element elementor-element-20b3507 sc_content_align_inherit sc_layouts_column_icons_position_left sc_fly_static\" data-id=\"20b3507\" data-element_type=\"column\">\n\t\t\t<div class=\"elementor-widget-wrap elementor-element-populated\">\n\t\t\t\t\t\t<div class=\"elementor-element elementor-element-9c2ae26 sc_fly_static elementor-widget elementor-widget-heading\" data-id=\"9c2ae26\" data-element_type=\"widget\" data-widget_type=\"heading.default\">\n\t\t\t\t<div class=\"elementor-widget-container\">\n\t\t\t\t\t<h2 class=\"elementor-heading-title elementor-size-default\">\u91cd\u8981\u63d0\u793a<\/h2>\t\t\t\t<\/div>\n\t\t\t\t<\/div>\n\t\t\t\t\t<\/div>\n\t\t<\/div>\n\t\t\t\t\t<\/div>\n\t\t<\/section>\n\t\t\t\t<section class=\"elementor-section elementor-top-section elementor-element elementor-element-7ec65bf elementor-section-boxed elementor-section-height-default elementor-section-height-default sc_fly_static\" data-id=\"7ec65bf\" data-element_type=\"section\">\n\t\t\t\t\t\t<div class=\"elementor-container elementor-column-gap-extended\">\n\t\t\t\t\t<div class=\"elementor-column elementor-col-100 elementor-top-column elementor-element elementor-element-2f4b0a2 sc_content_align_inherit sc_layouts_column_icons_position_left sc_fly_static\" data-id=\"2f4b0a2\" data-element_type=\"column\">\n\t\t\t<div class=\"elementor-widget-wrap elementor-element-populated\">\n\t\t\t\t\t\t<div class=\"elementor-element elementor-element-c36b9dc sc_fly_static elementor-widget elementor-widget-text-editor\" data-id=\"c36b9dc\" data-element_type=\"widget\" data-widget_type=\"text-editor.default\">\n\t\t\t\t<div class=\"elementor-widget-container\">\n\t\t\t\t\t\t\t\t\t<h4><strong>1.\u7f51\u7ad9\u51fa\u7248\u5546<\/strong><\/h4><p><strong>\u4e92\u8054\u7f51\u7f51\u7ad9<\/strong><a href=\"https:\/\/ateliervassant.com\/zh\/\"><strong>\u00a0<\/strong><\/a><span style=\"color: #513a28;\"><b>https:\/\/ateliervassant.com\/<\/b><\/span><b>\u00a0est \u00e9dit\u00e9 par \uff1aAtelier Vassant<\/b><br \/><b>Forme juridique \uff1aSARL<\/b><br \/><b>Si\u00e8ge social : 33 RUE DES MONTIBOEUFS, 75020 PARIS France<\/b><br \/><b>\u6cd5\u56fd RCS\uff1a[\u8f93\u5165 RCS \u53f7\u7801\uff3d<\/b><br \/><b>N\u00b0 TVA intracommunautaire : [\u00e0 ins\u00e9rer] (\u63d2\u5165)<\/b><br \/><b>\u7535\u5b50\u90ae\u4ef6 : info@aterliervassant.com\u00a0<br \/><\/b><b style=\"font-family: inherit; font-style: inherit;\">\u7535\u8bdd \uff1a\u00a0<\/b><b>01 33 81 00 39<\/b><\/p><h4><strong>2.\u51fa\u7248\u603b\u76d1<\/strong><\/h4><p><strong>Le directeur de la publication est \uff1a<br \/>M.\u68ee\u519c\u987f <\/strong><\/p><h4><strong>3.\u7f51\u7ad9\u7ba1\u7406<\/strong><\/h4><p><strong>Le site est h\u00e9berg\u00e9 par \uff1a<br \/>\u00a0\u970d\u65af\u5ef7\u683c\u56fd\u9645\u6709\u9650\u516c\u53f8<br \/>\u00a0\u5730\u5740 : 61 Lordou Vironos Street, 6023 Larnaca, Chypre<br \/>\u00a0\u7f51\u7ad9 web \uff1a<\/strong><a href=\"https:\/\/www.hostinger.com\"><strong> https:\/\/www.hostinger.com<\/strong><\/a><\/p><h4><strong>4.\u7f51\u7ad9\u5f00\u53d1\u4e0e\u7ef4\u62a4<\/strong><\/h4><p><strong>Le site a \u00e9t\u00e9 con\u00e7u par \uff1a<br \/>\u00a0Blablabla Agency LTD<br \/>\u00a0\u793e\u4f1a\u65c5\u9986\uff1a13 Lees Street, 74404 Curepipe, Maurice<br \/>\u00a0\u7535\u5b50\u90ae\u4ef6 : [email agence\uff3d<\/strong><\/p><h4><strong>5.\u77e5\u8bc6\u4ea7\u6743<\/strong><\/h4><p><strong>\u672c\u7f51\u7ad9\u4e0a\u663e\u793a\u7684\u6240\u6709\u5185\u5bb9\uff08\u6587\u5b57\u3001\u56fe\u7247\u3001\u56fe\u5f62\u3001\u6807\u8bc6\u3001\u56fe\u6807\u7b49\uff09\u5747\u5c5e\u4ee5\u4e0b\u673a\u6784\u72ec\u5bb6\u6240\u6709\u00a0<\/strong><span style=\"font-weight: bold; font-family: Montserrat, sans-serif; font-size: 17px; font-style: normal;\">\u74e6\u6851\u5de5\u4f5c\u5ba4<\/span><strong>, sauf mention contraire.<br \/>\u00a0\u672a\u7ecf\u6b63\u5f0f\u4e66\u9762\u6388\u6743\uff0c\u4e0d\u5f97\u5bf9\u672c\u7f51\u7ad9\u7684\u5168\u90e8\u6216\u90e8\u5206\u5185\u5bb9\u8fdb\u884c\u590d\u5236\u3001\u518d\u73b0\u3001\u4fee\u6539\u3001\u51fa\u7248\u6216\u6539\u7f16\uff0c\u65e0\u8bba\u4f7f\u7528\u4f55\u79cd\u65b9\u5f0f\u6216\u7a0b\u5e8f\u3002.<\/strong><\/p><h4><strong>6.\u8d23\u4efb\u9650\u5236<\/strong><\/h4><p><span style=\"font-family: Montserrat, sans-serif; font-size: 17px; font-style: normal; font-weight: bold;\">\u74e6\u6851\u5de5\u4f5c\u5ba4<\/span><strong>\u00a0\u5bf9\u4e8e\u8bbf\u95ee\u7f51\u7ad9\u65f6\u5bf9\u7528\u6237\u8bbe\u5907\u9020\u6210\u7684\u76f4\u63a5\u6216\u95f4\u63a5\u635f\u5bb3\uff0c\u6982\u4e0d\u8d1f\u8d23\u3002.<br \/>\u00a0\u672c\u7f51\u7ad9\u5305\u542b\u4e0e\u5176\u4ed6\u7f51\u7ad9\u7684\u8d85\u6587\u672c\u94fe\u63a5\uff1b ;\u00a0<\/strong><span style=\"font-weight: bold; font-family: Montserrat, sans-serif; font-size: 17px; font-style: normal;\">\u74e6\u6851\u5de5\u4f5c\u5ba4<\/span><strong>\u00a0n'assume aucune responsabilit\u00e9 quant au contenu de ces sites externes.<\/strong><\/p><h4><strong>7.\u4e2a\u4eba\u8d44\u6599<\/strong><\/h4><p><strong>\u901a\u8fc7\u672c\u7f51\u7ad9\u83b7\u53d6\u7684\u4fe1\u606f\uff08\u8054\u7cfb\u8868\u683c\u3001cookies\uff09\u5c06\u6309\u7167\u4fdd\u5bc6\u653f\u7b56\u8fdb\u884c\u5904\u7406\uff0c\u53ef\u5728\u76f8\u5173\u9875\u9762\u67e5\u9605\u3002.<\/strong><\/p><h4><strong>8.\u9002\u7528\u6cd5\u5f8b<\/strong><\/h4><p><strong>Les pr\u00e9sentes mentions l\u00e9gales sont r\u00e9gies par le droit fran\u00e7ais.\u6240\u6709\u4e0e\u89e3\u91ca\u548c\u6267\u884c\u6709\u5173\u7684\u8bc9\u8bbc\u5747\u7531\u4f01\u4e1a\u793e\u4f1a\u8d23\u4efb\u6cd5\u5ead\u5ba1\u7406\u3002.<\/strong><\/p>\t\t\t\t\t\t\t\t<\/div>\n\t\t\t\t<\/div>\n\t\t\t\t\t<\/div>\n\t\t<\/div>\n\t\t\t\t\t<\/div>\n\t\t<\/section>\n\t\t\t\t<\/div>","protected":false},"excerpt":{"rendered":"<p>Mentions l\u00e9gales 1. \u00c9diteur du site Le pr\u00e9sent site internet\u00a0https:\/\/ateliervassant.com\/\u00a0est \u00e9dit\u00e9 par : Atelier VassantForme juridique : SARLSi\u00e8ge social : 33 RUE DES MONTIBOEUFS, 75020 PARIS FranceFrance RCS : [num\u00e9ro&hellip;<\/p>","protected":false},"author":1,"featured_media":0,"parent":0,"menu_order":0,"comment_status":"closed","ping_status":"closed","template":"elementor_canvas","meta":{"footnotes":""},"class_list":["post-407","page","type-page","status-publish","hentry"],"_links":{"self":[{"href":"https:\/\/ateliervassant.com\/zh\/wp-json\/wp\/v2\/pages\/407","targetHints":{"allow":["GET"]}}],"collection":[{"href":"https:\/\/ateliervassant.com\/zh\/wp-json\/wp\/v2\/pages"}],"about":[{"href":"https:\/\/ateliervassant.com\/zh\/wp-json\/wp\/v2\/types\/page"}],"author":[{"embeddable":true,"href":"https:\/\/ateliervassant.com\/zh\/wp-json\/wp\/v2\/users\/1"}],"replies":[{"embeddable":true,"href":"https:\/\/ateliervassant.com\/zh\/wp-json\/wp\/v2\/comments?post=407"}],"version-history":[{"count":53,"href":"https:\/\/ateliervassant.com\/zh\/wp-json\/wp\/v2\/pages\/407\/revisions"}],"predecessor-version":[{"id":1063,"href":"https:\/\/ateliervassant.com\/zh\/wp-json\/wp\/v2\/pages\/407\/revisions\/1063"}],"wp:attachment":[{"href":"https:\/\/ateliervassant.com\/zh\/wp-json\/wp\/v2\/media?parent=407"}],"curies":[{"name":"wp","href":"https:\/\/api.w.org\/{rel}","templated":true}]}}