{"id":3,"date":"2025-08-31T19:04:40","date_gmt":"2025-08-31T19:04:40","guid":{"rendered":"https:\/\/ateliervassant.com\/?page_id=3"},"modified":"2025-09-22T19:25:13","modified_gmt":"2025-09-22T19:25:13","slug":"%e4%bf%9d%e5%af%86%e6%94%bf%e7%ad%96","status":"publish","type":"page","link":"https:\/\/ateliervassant.com\/zh\/%e4%bf%9d%e5%af%86%e6%94%bf%e7%ad%96\/","title":{"rendered":"\u4fdd\u5bc6\u653f\u7b56"},"content":{"rendered":"<div data-elementor-type=\"wp-page\" data-elementor-id=\"3\" class=\"elementor elementor-3\">\n\t\t\t\t\t\t<section class=\"elementor-section elementor-top-section elementor-element elementor-element-5f0e56be elementor-section-boxed elementor-section-height-default elementor-section-height-default sc_fly_static\" data-id=\"5f0e56be\" data-element_type=\"section\">\n\t\t\t\t\t\t<div class=\"elementor-container elementor-column-gap-extended\">\n\t\t\t\t\t<div class=\"elementor-column elementor-col-100 elementor-top-column elementor-element elementor-element-a5de4c7 sc_content_align_inherit sc_layouts_column_icons_position_left sc_fly_static\" data-id=\"a5de4c7\" data-element_type=\"column\">\n\t\t\t<div class=\"elementor-widget-wrap elementor-element-populated\">\n\t\t\t\t\t\t<div class=\"elementor-element elementor-element-57d091b0 sc_fly_static elementor-widget elementor-widget-text-editor\" data-id=\"57d091b0\" data-element_type=\"widget\" data-widget_type=\"text-editor.default\">\n\t\t\t\t<div class=\"elementor-widget-container\">\n\t\t\t\t\t\t\t\t\t<p><\/p>\n<h2 class=\"wp-block-heading\"><strong>\u4fdd\u5bc6\u653f\u7b56<\/strong><\/h2>\n<p><strong>Derni\u00e8re mise \u00e0 jour : 22 Septbre 2025<\/strong><\/p>\n<h4><strong>1.\u6cbb\u7597\u8d1f\u8d23\u4eba<\/strong><\/h4>\n<p>\u8d44\u6599\u5904\u7406\u8d23\u4efb\u4eba\u4e3a \uff1a<br><strong>\u74e6\u6851\u5de5\u4f5c\u5ba4<br><\/strong>&nbsp;Si\u00e8ge social : 33 RUE DES MONTIBOEUFS, 75020 PARIS France<br>&nbsp;\u8054\u7cfb\u4eba\u7535\u5b50\u90ae\u4ef6 : info@aterliervassant.com<br>&nbsp;\u7535\u8bdd\uff1a01 33 81 00 39<\/p>\n<p>\u7f51\u7ad9 <b>ateliervassant.com<\/b>&nbsp;a \u00e9t\u00e9 d\u00e9velopp\u00e9 par <strong>Blablabla Agency LTD<\/strong>, situ\u00e9 \u00e0 <strong>13 Lees Street, 74404 Curepipe, Maurice<\/strong>.<br>&nbsp;L'h\u00e9bergement est assur\u00e9 par <strong>\u970d\u65af\u5ef7\u683c\u56fd\u9645\u6709\u9650\u516c\u53f8<\/strong>, \u7f51\u7ad9\u7684\u5185\u5bb9\u50a8\u5b58\u548c\u6280\u672f\u5229\u7528\u4f7f\u7528\u7684\u670d\u52a1\u5546\u3002.<\/p>\n<h4><strong>2.\u6536\u96c6\u7684\u6570\u636e<\/strong><\/h4>\n<p>\u5728\u60a8\u6d4f\u89c8\u672c\u7f51\u7ad9\u65f6\uff0c\u6211\u4eec\u4f1a\u6536\u96c6\u4ee5\u4e0b\u4fe1\u606f\uff1a<\/p>\n<ul>\n<li><strong>\u8eab\u4efd\u8bc6\u522b\u4fe1\u606f<\/strong>, \u5728\u60a8\u586b\u5199\u8054\u7cfb\u8868\u683c\u65f6\uff0c\u8bf7\u6ce8\u660e\u60a8\u7684\u59d3\u540d\u3001\u7535\u5b50\u90ae\u4ef6\u5730\u5740\u6216\u7535\u8bdd\u53f7\u7801\u3002.\n<\/li>\n<li><strong>\u5bfc\u822a\u6570\u636e<\/strong>, \u901a\u8fc7 cookies \u548c\u5206\u6790\u5de5\u5177\u6536\u96c6\u7684 IP \u5730\u5740\u3001\u6d4f\u89c8\u8005\u7c7b\u578b\u3001\u6d4f\u89c8\u9875\u9762\u6216\u5728\u7f51\u7ad9\u4e0a\u505c\u7559\u7684\u65f6\u95f4\u3002.\n<\/li>\n<\/ul>\n<h4><strong>3.\u5904\u7406\u7ed3\u679c<\/strong><\/h4>\n<p>\u60a8\u7684\u6570\u636e\u5c06\u7528\u4e8e \uff1a<\/p>\n<ul>\n<li>\u901a\u8fc7\u8054\u7cfb\u8868\u683c\u56de\u590d\u60a8\u7684\u9700\u6c42\u3002.\n<\/li>\n<li>\u63d0\u4f9b\u6240\u9700\u7684\u670d\u52a1\u3002.\n<\/li>\n<li>\u6539\u5584\u7528\u6237\u4f53\u9a8c\u548c\u7f51\u7ad9\u5185\u5bb9\u3002.\n<\/li>\n<li>\u786e\u4fdd\u7f51\u7ad9\u7684\u5b89\u5168\u3001\u6027\u80fd\u548c\u7ef4\u62a4\u6280\u672f\u3002.\n<\/li>\n<\/ul>\n<h4><strong>4.\u6cbb\u7597\u57fa\u7840<\/strong><\/h4>\n<p>\u60a8\u7684\u6570\u636e\u5904\u7406\u4f9d\u8d56\u4e8e \uff1a<\/p>\n<ul>\n<li>\u60a8\u7684 <strong>\u540c\u610f\u4e66<\/strong>, \u5c24\u5176\u662f\u901a\u8fc7 cookies \u548c\u8868\u683c\u3002.\n<\/li>\n<li>L\u2019<strong>ex\u00e9cution d'un contrat ou de mesures pr\u00e9contractuelles<\/strong>, \u8bf7\u8054\u7cfb\u6211\u4eec\u3002.\n<\/li>\n<li>L\u2019<strong>\u6d77\u4e8b\u5174\u8da3<\/strong> \u4f01\u4e1a\u7684\u7f51\u7ad9\uff0c\u4ee5\u786e\u4fdd\u7f51\u7ad9\u7684\u5b89\u5168\u548c\u6539\u8fdb\u3002.\n<\/li>\n<\/ul>\n<h4><strong>5.\u6570\u636e\u76ee\u7684\u5730<\/strong><\/h4>\n<p>\u60a8\u7684\u6570\u636e\u5c06\u7528\u4e8e <strong>\u74e6\u6851\u5de5\u4f5c\u5ba4<\/strong>&nbsp;\u7528\u4e8e\u4e0a\u8ff0\u7528\u9014\u3002.<br>&nbsp;\u6280\u672f\u670d\u52a1\u63d0\u4f9b\u5546\uff08\u7f51\u7edc\u516c\u53f8\u3001\u7f51\u7edc\u7ba1\u7406\u5458\uff09\u53ef\u5728\u5176\u4efb\u52a1\u8303\u56f4\u5185\u8bbf\u95ee <strong>\u7ef4\u62a4\u3001\u7ba1\u7406\u6216\u5f00\u53d1<\/strong>.<\/p>\n<h4><strong>6.\u4fdd\u5b58\u671f\u9650<\/strong><\/h4>\n<ul>\n<li><strong>\u8054\u7cfb\u65b9\u5f0f<\/strong> : conserv\u00e9es pendant <strong>3\u4e2a\u7b54\u6848<\/strong> \u00e0 compter du dernier \u00e9change.\n<\/li>\n<li><strong>\u5bfc\u822a\u6570\u636e<\/strong> (cookies)\uff1a\u4fdd\u5b58\u65f6\u95f4\u6700\u957f\u4e3a <strong>13 \u4e2a\u6708<\/strong>.\n<\/li>\n<\/ul>\n<h4><strong>7.Cookies \u548c\u76d1\u63a7\u5de5\u5177<\/strong><\/h4>\n<p>Le Site utilise des cookies pour \uff1a<\/p>\n<ul>\n<li>\u4f18\u5316\u5bfc\u822a.\n<\/li>\n<li>\u5206\u6790\u5e27\u9891\u4ee5\u6539\u8fdb\u5185\u5bb9\u3002.<br>\u60a8\u53ef\u4ee5\u901a\u8fc7\u6d4f\u89c8\u5668\u8bbe\u7f6e\u60a8\u7684\u9996\u9009\u9879\uff0c\u6216\u62d2\u7edd\u975e\u5fc5\u8981\u7684 cookies\u3002.\n<\/li>\n<\/ul>\n<h4><strong>8.\u6570\u636e\u5b89\u5168<\/strong><\/h4>\n<p>\u6211\u4eec\u4f1a\u91c7\u53d6\u76f8\u5e94\u7684\u6280\u672f\u548c\u7ec4\u7ec7\u63aa\u65bd\u6765\u4fdd\u62a4\u60a8\u7684\u4e2a\u4eba\u6570\u636e\uff08\u5b89\u5168\u7ba1\u7406\u3001\u8bbf\u95ee\u63a7\u5236\u3001HTTPS \u6570\u636e\u5e93\uff09\u3002.<\/p>\n<h4><strong>9.\u60a8\u7684\u6743\u5229<\/strong><\/h4>\n<p>\u7b26\u5408 <strong>\u6570\u636e\u4fdd\u62a4\u603b\u5219 (RGPD)<\/strong> \u6839\u636e\u6cd5\u56fd\u6cd5\u5f8b\uff0c\u60a8\u4eab\u6709\u4ee5\u4e0b\u6743\u5229\uff1a \uff1a<\/p>\n<ul>\n<li><strong>\u8bbf\u95ee<\/strong> \u00e0 vos donn\u00e9es.\n<\/li>\n<li><strong>\u6574\u6539<\/strong> des donn\u00e9es inexactes.\n<\/li>\n<li><strong>\u6d41 \u52a8<\/strong> de vos donn\u00e9es.\n<\/li>\n<li><strong>\u9650\u5236<\/strong> ou opposition \u00e0 certains traitements.\n<\/li>\n<li><strong>\u6536\u56de\u60a8\u7684\u540c\u610f\u4e66<\/strong> \u00e0 tout moment.\n<\/li>\n<\/ul>\n<p>\u5982\u9700\u884c\u4f7f\u6743\u5229\uff0c\u8bf7\u8054\u7cfb\u6211\u4eec\uff1a \uff1a<br>&nbsp;\u7535\u5b50\u90ae\u4ef6 : [\u00e0 ins\u00e9rer]<br>&nbsp;\u5730\u5740\uff1a4 Chemin Marcelin Berthelot, 59200 Tourcoing, France<\/p>\n<h4><strong>10.\u6b27\u76df\u4ee5\u5916\u7684\u6570\u636e\u4f20\u8f93<\/strong><\/h4>\n<p>\u6570\u636e\u5b58\u50a8\u5728\u4ee5\u4e0b\u670d\u52a1\u5668\u4e0a <strong>\u970d\u65af\u5ef7\u683c\u56fd\u9645\u6709\u9650\u516c\u53f8<\/strong> (UE).Aucun transfert en dehors de l'Union Europ\u00e9enne n'est effectu\u00e9 sans garanties appropri\u00e9es.<\/p>\n<h4><strong>11.\u4fee\u6539\u653f\u7b56<\/strong><\/h4>\n<p>\u8be5\u653f\u7b56\u53ef\u968f\u65f6\u66f4\u65b0\u3002\u6700\u65b0\u7248\u672c\u5c06\u968f\u65f6\u5728\u672c\u9875\u9762\u53d1\u5e03\u3002.<\/p>\t\t\t\t\t\t\t\t<\/div>\n\t\t\t\t<\/div>\n\t\t\t\t\t<\/div>\n\t\t<\/div>\n\t\t\t\t\t<\/div>\n\t\t<\/section>\n\t\t\t\t<\/div>","protected":false},"excerpt":{"rendered":"<p>Politique de Confidentialit\u00e9 Derni\u00e8re mise \u00e0 jour : 22 Septembre 2025 1. Responsable du traitement Le responsable du traitement des donn\u00e9es est :Atelier Vassant&nbsp;Si\u00e8ge social : 33 RUE DES MONTIBOEUFS,&hellip;<\/p>","protected":false},"author":1,"featured_media":0,"parent":0,"menu_order":0,"comment_status":"closed","ping_status":"closed","template":"elementor_canvas","meta":{"footnotes":""},"class_list":["post-3","page","type-page","status-publish","hentry"],"_links":{"self":[{"href":"https:\/\/ateliervassant.com\/zh\/wp-json\/wp\/v2\/pages\/3","targetHints":{"allow":["GET"]}}],"collection":[{"href":"https:\/\/ateliervassant.com\/zh\/wp-json\/wp\/v2\/pages"}],"about":[{"href":"https:\/\/ateliervassant.com\/zh\/wp-json\/wp\/v2\/types\/page"}],"author":[{"embeddable":true,"href":"https:\/\/ateliervassant.com\/zh\/wp-json\/wp\/v2\/users\/1"}],"replies":[{"embeddable":true,"href":"https:\/\/ateliervassant.com\/zh\/wp-json\/wp\/v2\/comments?post=3"}],"version-history":[{"count":11,"href":"https:\/\/ateliervassant.com\/zh\/wp-json\/wp\/v2\/pages\/3\/revisions"}],"predecessor-version":[{"id":1051,"href":"https:\/\/ateliervassant.com\/zh\/wp-json\/wp\/v2\/pages\/3\/revisions\/1051"}],"wp:attachment":[{"href":"https:\/\/ateliervassant.com\/zh\/wp-json\/wp\/v2\/media?parent=3"}],"curies":[{"name":"wp","href":"https:\/\/api.w.org\/{rel}","templated":true}]}}