{"id":407,"date":"2025-09-01T10:48:07","date_gmt":"2025-09-01T10:48:07","guid":{"rendered":"https:\/\/ateliervassant.com\/?page_id=407"},"modified":"2025-09-23T05:55:57","modified_gmt":"2025-09-23T05:55:57","slug":"mentions-legales","status":"publish","type":"page","link":"https:\/\/ateliervassant.com\/fr\/mentions-legales\/","title":{"rendered":"Mentions l\u00e9gales"},"content":{"rendered":"<div data-elementor-type=\"wp-page\" data-elementor-id=\"407\" class=\"elementor elementor-407\">\n\t\t\t\t\t\t<section class=\"elementor-section elementor-top-section elementor-element elementor-element-71b1cf0 elementor-section-full_width elementor-section-content-middle sc_layouts_row sc_layouts_row_type_narrow elementor-section-stretched elementor-section-height-default elementor-section-height-default sc_fly_static\" data-id=\"71b1cf0\" data-element_type=\"section\" data-settings=\"{&quot;stretch_section&quot;:&quot;section-stretched&quot;}\">\n\t\t\t\t\t\t<div class=\"elementor-container elementor-column-gap-extended\">\n\t\t\t\t\t<div class=\"elementor-column elementor-col-50 elementor-top-column elementor-element elementor-element-e27b96d sc_content_align_inherit sc_layouts_column_icons_position_left sc_fly_static\" data-id=\"e27b96d\" data-element_type=\"column\">\n\t\t\t<div class=\"elementor-widget-wrap elementor-element-populated\">\n\t\t\t\t\t\t<div class=\"elementor-element elementor-element-a1645a6 sc_fly_static elementor-widget elementor-widget-trx_sc_layouts_logo\" data-id=\"a1645a6\" data-element_type=\"widget\" data-widget_type=\"trx_sc_layouts_logo.default\">\n\t\t\t\t<div class=\"elementor-widget-container\">\n\t\t\t\t\t<a href=\"https:\/\/ateliervassant.com\/fr\/\"\n\t\tclass=\"sc_layouts_logo sc_layouts_logo_default trx_addons_inline_1408924913\" ><img fetchpriority=\"high\" class=\"logo_image\"\n\t\t\t\t\tsrc=\"\/\/ateliervassant.com\/wp-content\/uploads\/2025\/08\/main-logo.png\"\n\t\t\t\t\t\t\t\t\t\t\tsrcset=\"\/\/ateliervassant.com\/wp-content\/uploads\/2025\/08\/main-logo.png 2x\"\n\t\t\t\t\t\t\t\t\t\t\talt=\"Atelier Vassant\" width=\"350\" height=\"248\"><\/a>\t\t\t\t<\/div>\n\t\t\t\t<\/div>\n\t\t\t\t\t<\/div>\n\t\t<\/div>\n\t\t\t\t<div class=\"elementor-column elementor-col-50 elementor-top-column elementor-element elementor-element-bfa4adf sc_layouts_column_align_right sc_layouts_column sc_content_align_inherit sc_layouts_column_icons_position_left sc_fly_static\" data-id=\"bfa4adf\" data-element_type=\"column\">\n\t\t\t<div class=\"elementor-widget-wrap elementor-element-populated\">\n\t\t\t\t\t\t<div class=\"elementor-element elementor-element-9e4d530 sc_fly_static elementor-widget elementor-widget-trx_sc_layouts_menu\" data-id=\"9e4d530\" data-element_type=\"widget\" data-widget_type=\"trx_sc_layouts_menu.default\">\n\t\t\t\t<div class=\"elementor-widget-container\">\n\t\t\t\t\t<div class=\"sc_layouts_iconed_text sc_layouts_menu_mobile_button_burger sc_layouts_menu_mobile_button\">\n\t\t<a class=\"sc_layouts_item_link sc_layouts_iconed_text_link\" href=\"#\" role=\"button\">\n\t\t\t<span class=\"sc_layouts_item_icon sc_layouts_iconed_text_icon trx_addons_icon-menu\"><\/span>\n\t\t<\/a>\n\t\t<\/div>\t\t\t\t<\/div>\n\t\t\t\t<\/div>\n\t\t\t\t\t<\/div>\n\t\t<\/div>\n\t\t\t\t\t<\/div>\n\t\t<\/section>\n\t\t\t\t<section class=\"elementor-section elementor-top-section elementor-element elementor-element-1a27fc3 elementor-section-boxed elementor-section-height-default elementor-section-height-default sc_fly_static\" data-id=\"1a27fc3\" data-element_type=\"section\">\n\t\t\t\t\t\t<div class=\"elementor-container elementor-column-gap-extended\">\n\t\t\t\t\t<div class=\"elementor-column elementor-col-100 elementor-top-column elementor-element elementor-element-20b3507 sc_content_align_inherit sc_layouts_column_icons_position_left sc_fly_static\" data-id=\"20b3507\" data-element_type=\"column\">\n\t\t\t<div class=\"elementor-widget-wrap elementor-element-populated\">\n\t\t\t\t\t\t<div class=\"elementor-element elementor-element-9c2ae26 sc_fly_static elementor-widget elementor-widget-heading\" data-id=\"9c2ae26\" data-element_type=\"widget\" data-widget_type=\"heading.default\">\n\t\t\t\t<div class=\"elementor-widget-container\">\n\t\t\t\t\t<h2 class=\"elementor-heading-title elementor-size-default\">Mentions l\u00e9gales<\/h2>\t\t\t\t<\/div>\n\t\t\t\t<\/div>\n\t\t\t\t\t<\/div>\n\t\t<\/div>\n\t\t\t\t\t<\/div>\n\t\t<\/section>\n\t\t\t\t<section class=\"elementor-section elementor-top-section elementor-element elementor-element-7ec65bf elementor-section-boxed elementor-section-height-default elementor-section-height-default sc_fly_static\" data-id=\"7ec65bf\" data-element_type=\"section\">\n\t\t\t\t\t\t<div class=\"elementor-container elementor-column-gap-extended\">\n\t\t\t\t\t<div class=\"elementor-column elementor-col-100 elementor-top-column elementor-element elementor-element-2f4b0a2 sc_content_align_inherit sc_layouts_column_icons_position_left sc_fly_static\" data-id=\"2f4b0a2\" data-element_type=\"column\">\n\t\t\t<div class=\"elementor-widget-wrap elementor-element-populated\">\n\t\t\t\t\t\t<div class=\"elementor-element elementor-element-c36b9dc sc_fly_static elementor-widget elementor-widget-text-editor\" data-id=\"c36b9dc\" data-element_type=\"widget\" data-widget_type=\"text-editor.default\">\n\t\t\t\t<div class=\"elementor-widget-container\">\n\t\t\t\t\t\t\t\t\t<h4><strong>1. \u00c9diteur du site<\/strong><\/h4><p><strong>Le pr\u00e9sent site internet<\/strong><a href=\"https:\/\/ateliervassant.com\/fr\/\"><strong>\u00a0<\/strong><\/a><span style=\"color: #513a28;\"><b>https:\/\/ateliervassant.com\/<\/b><\/span><b>\u00a0est \u00e9dit\u00e9 par : Atelier Vassant<\/b><br \/><b>Forme juridique : SARL<\/b><br \/><b>Si\u00e8ge social : 33 RUE DES MONTIBOEUFS, 75020 PARIS France<\/b><br \/><b>France RCS : [num\u00e9ro RCS \u00e0 ins\u00e9rer]<\/b><br \/><b>N\u00b0 TVA intracommunautaire : [\u00e0 ins\u00e9rer]<\/b><br \/><b>Courriel : info@aterliervassant.com\u00a0<br \/><\/b><b style=\"font-family: inherit; font-style: inherit;\">T\u00e9l\u00e9phone :\u00a0<\/b><b>01 33 81 00 39<\/b><\/p><h4><strong>2. Directeur de la publication<\/strong><\/h4><p><strong>Le directeur de la publication est :<br \/>M. SENUNDON <\/strong><\/p><h4><strong>3. H\u00e9bergement du site<\/strong><\/h4><p><strong>Le site est h\u00e9berg\u00e9 par :<br \/>\u00a0Hostinger International Ltd<br \/>\u00a0Adresse : 61 Lordou Vironos Street, 6023 Larnaca, Chypre<br \/>\u00a0Site web :<\/strong><a href=\"https:\/\/www.hostinger.com\"><strong> https:\/\/www.hostinger.com<\/strong><\/a><\/p><h4><strong>4. D\u00e9veloppement et maintenance du site<\/strong><\/h4><p><strong>Le site a \u00e9t\u00e9 con\u00e7u par :<br \/>\u00a0Agence Blablabla LTD<br \/>\u00a0Si\u00e8ge social : 13 Lees Street, 74404 Curepipe, Maurice<br \/>\u00a0Email : [email agence]<\/strong><\/p><h4><strong>5. Propri\u00e9t\u00e9 intellectuelle<\/strong><\/h4><p><strong>L'ensemble du contenu pr\u00e9sent sur le site (textes, images, graphismes, logo, ic\u00f4nes, etc.) est la propri\u00e9t\u00e9 exclusive de\u00a0<\/strong><span style=\"font-weight: bold; font-family: Montserrat, sans-serif; font-size: 17px; font-style: normal;\">Atelier Vassant<\/span><strong>, sauf mention contraire.<br \/>\u00a0Toute reproduction, repr\u00e9sentation, modification, publication, adaptation de tout ou partie des \u00e9l\u00e9ments du site, quel que soit le moyen ou le proc\u00e9d\u00e9 utilis\u00e9, est interdite sans autorisation \u00e9crite pr\u00e9alable.<\/strong><\/p><h4><strong>6. Limitation de responsabilit\u00e9<\/strong><\/h4><p><span style=\"font-family: Montserrat, sans-serif; font-size: 17px; font-style: normal; font-weight: bold;\">Atelier Vassant<\/span><strong>\u00a0ne saurait \u00eatre tenu responsable des dommages directs et indirects caus\u00e9s au mat\u00e9riel de l'utilisateur lors de l'acc\u00e8s au site.<br \/>\u00a0Le site contient des liens hypertextes vers d'autres sites ;\u00a0<\/strong><span style=\"font-weight: bold; font-family: Montserrat, sans-serif; font-size: 17px; font-style: normal;\">Atelier Vassant<\/span><strong>\u00a0n'assume aucune responsabilit\u00e9 quant au contenu de ces sites externes.<\/strong><\/p><h4><strong>7. Donn\u00e9es personnelles<\/strong><\/h4><p><strong>Les informations recueillies via le site (formulaire de contact, cookies) sont trait\u00e9es conform\u00e9ment \u00e0 la Politique de Confidentialit\u00e9, consultable sur la page d\u00e9di\u00e9e.<\/strong><\/p><h4><strong>8. Droit applicable<\/strong><\/h4><p><strong>Les pr\u00e9sentes mentions l\u00e9gales sont r\u00e9gies par le droit fran\u00e7ais. Tout litige relatif \u00e0 leur interpr\u00e9tation et \u00e0 leur ex\u00e9cution rel\u00e8ve des tribunaux comp\u00e9tents du ressort du si\u00e8ge social de l'entreprise.<\/strong><\/p>\t\t\t\t\t\t\t\t<\/div>\n\t\t\t\t<\/div>\n\t\t\t\t\t<\/div>\n\t\t<\/div>\n\t\t\t\t\t<\/div>\n\t\t<\/section>\n\t\t\t\t<\/div>","protected":false},"excerpt":{"rendered":"<p>Mentions l\u00e9gales 1. \u00c9diteur du site Le pr\u00e9sent site internet\u00a0https:\/\/ateliervassant.com\/\u00a0est \u00e9dit\u00e9 par : Atelier VassantForme juridique : SARLSi\u00e8ge social : 33 RUE DES MONTIBOEUFS, 75020 PARIS FranceFrance RCS : [num\u00e9ro&hellip;<\/p>","protected":false},"author":1,"featured_media":0,"parent":0,"menu_order":0,"comment_status":"closed","ping_status":"closed","template":"elementor_canvas","meta":{"footnotes":""},"class_list":["post-407","page","type-page","status-publish","hentry"],"_links":{"self":[{"href":"https:\/\/ateliervassant.com\/fr\/wp-json\/wp\/v2\/pages\/407","targetHints":{"allow":["GET"]}}],"collection":[{"href":"https:\/\/ateliervassant.com\/fr\/wp-json\/wp\/v2\/pages"}],"about":[{"href":"https:\/\/ateliervassant.com\/fr\/wp-json\/wp\/v2\/types\/page"}],"author":[{"embeddable":true,"href":"https:\/\/ateliervassant.com\/fr\/wp-json\/wp\/v2\/users\/1"}],"replies":[{"embeddable":true,"href":"https:\/\/ateliervassant.com\/fr\/wp-json\/wp\/v2\/comments?post=407"}],"version-history":[{"count":53,"href":"https:\/\/ateliervassant.com\/fr\/wp-json\/wp\/v2\/pages\/407\/revisions"}],"predecessor-version":[{"id":1063,"href":"https:\/\/ateliervassant.com\/fr\/wp-json\/wp\/v2\/pages\/407\/revisions\/1063"}],"wp:attachment":[{"href":"https:\/\/ateliervassant.com\/fr\/wp-json\/wp\/v2\/media?parent=407"}],"curies":[{"name":"wp","href":"https:\/\/api.w.org\/{rel}","templated":true}]}}