{"id":410,"date":"2025-09-01T10:48:46","date_gmt":"2025-09-01T10:48:46","guid":{"rendered":"https:\/\/ateliervassant.com\/?page_id=410"},"modified":"2025-09-22T19:10:32","modified_gmt":"2025-09-22T19:10:32","slug":"cookies-confidentialite","status":"publish","type":"page","link":"https:\/\/ateliervassant.com\/en\/cookies-confidentialite\/","title":{"rendered":"Cookies Confidentialit\u00e9"},"content":{"rendered":"\t\t<div data-elementor-type=\"wp-page\" data-elementor-id=\"410\" class=\"elementor elementor-410\">\n\t\t\t\t\t\t<section class=\"elementor-section elementor-top-section elementor-element elementor-element-d212270 elementor-section-full_width elementor-section-content-middle sc_layouts_row sc_layouts_row_type_compact elementor-section-stretched elementor-section-height-default elementor-section-height-default sc_fly_static\" data-id=\"d212270\" data-element_type=\"section\" data-settings=\"{&quot;stretch_section&quot;:&quot;section-stretched&quot;}\">\n\t\t\t\t\t\t<div class=\"elementor-container elementor-column-gap-extended\">\n\t\t\t\t\t<div class=\"elementor-column elementor-col-50 elementor-top-column elementor-element elementor-element-c62e8c6 sc_content_align_inherit sc_layouts_column_icons_position_left sc_fly_static\" data-id=\"c62e8c6\" data-element_type=\"column\">\n\t\t\t<div class=\"elementor-widget-wrap elementor-element-populated\">\n\t\t\t\t\t\t<div class=\"elementor-element elementor-element-2b93ea7 sc_fly_static elementor-widget elementor-widget-trx_sc_layouts_logo\" data-id=\"2b93ea7\" data-element_type=\"widget\" data-widget_type=\"trx_sc_layouts_logo.default\">\n\t\t\t\t<div class=\"elementor-widget-container\">\n\t\t\t\t\t<a href=\"https:\/\/ateliervassant.com\/en\/\"\n\t\tclass=\"sc_layouts_logo sc_layouts_logo_default trx_addons_inline_1913688730\" ><img fetchpriority=\"high\" class=\"logo_image\"\n\t\t\t\t\tsrc=\"\/\/ateliervassant.com\/wp-content\/uploads\/2025\/08\/main-logo.png\"\n\t\t\t\t\t\t\t\t\t\t\tsrcset=\"\/\/ateliervassant.com\/wp-content\/uploads\/2025\/08\/main-logo.png 2x\"\n\t\t\t\t\t\t\t\t\t\t\talt=\"Atelier Vassant\" width=\"350\" height=\"248\"><\/a>\t\t\t\t<\/div>\n\t\t\t\t<\/div>\n\t\t\t\t\t<\/div>\n\t\t<\/div>\n\t\t\t\t<div class=\"elementor-column elementor-col-50 elementor-top-column elementor-element elementor-element-07401bd sc_layouts_column_align_right sc_layouts_column sc_content_align_inherit sc_layouts_column_icons_position_left sc_fly_static\" data-id=\"07401bd\" data-element_type=\"column\">\n\t\t\t<div class=\"elementor-widget-wrap elementor-element-populated\">\n\t\t\t\t\t\t<div class=\"elementor-element elementor-element-3761943 sc_fly_static elementor-widget elementor-widget-trx_sc_layouts_menu\" data-id=\"3761943\" data-element_type=\"widget\" data-widget_type=\"trx_sc_layouts_menu.default\">\n\t\t\t\t<div class=\"elementor-widget-container\">\n\t\t\t\t\t<div class=\"sc_layouts_iconed_text sc_layouts_menu_mobile_button_burger sc_layouts_menu_mobile_button\">\n\t\t<a class=\"sc_layouts_item_link sc_layouts_iconed_text_link\" href=\"#\" role=\"button\">\n\t\t\t<span class=\"sc_layouts_item_icon sc_layouts_iconed_text_icon trx_addons_icon-menu\"><\/span>\n\t\t<\/a>\n\t\t<\/div>\t\t\t\t<\/div>\n\t\t\t\t<\/div>\n\t\t\t\t\t<\/div>\n\t\t<\/div>\n\t\t\t\t\t<\/div>\n\t\t<\/section>\n\t\t\t\t<section class=\"elementor-section elementor-top-section elementor-element elementor-element-29a8bde elementor-section-boxed elementor-section-height-default elementor-section-height-default sc_fly_static\" data-id=\"29a8bde\" data-element_type=\"section\">\n\t\t\t\t\t\t<div class=\"elementor-container elementor-column-gap-extended\">\n\t\t\t\t\t<div class=\"elementor-column elementor-col-100 elementor-top-column elementor-element elementor-element-6ea7a4c sc_content_align_inherit sc_layouts_column_icons_position_left sc_fly_static\" data-id=\"6ea7a4c\" data-element_type=\"column\">\n\t\t\t<div class=\"elementor-widget-wrap elementor-element-populated\">\n\t\t\t\t\t\t<div class=\"elementor-element elementor-element-7c0117e sc_fly_static elementor-widget elementor-widget-text-editor\" data-id=\"7c0117e\" data-element_type=\"widget\" data-widget_type=\"text-editor.default\">\n\t\t\t\t<div class=\"elementor-widget-container\">\n\t\t\t\t\t\t\t\t\t<h2><strong>Politique relative aux cookies<\/strong><\/h2>\n<p><strong>Derni\u00e8re mise \u00e0 jour : 22 Septembre 2025<\/strong><\/p>\n<h4><strong>1. Qu\u2019est-ce qu\u2019un cookie ?<\/strong><\/h4>\n<p>Un cookie est un petit fichier texte enregistr\u00e9 sur votre terminal (ordinateur, tablette, smartphone) lors de la visite d\u2019un site internet. Il permet de reconna\u00eetre votre navigateur pendant une dur\u00e9e de validit\u00e9 du cookie et de stocker certaines informations relatives \u00e0 votre navigation.<\/p>\n<h4><strong>2. Utilisation des cookies sur notre site<\/strong><\/h4>\n<p>Le site <a href=\"https:\/\/ateliervassant.com\/\"><strong>https:\/\/ateliervassant.com<\/strong><\/a>&nbsp;utilise diff\u00e9rents types de cookies afin d\u2019am\u00e9liorer votre exp\u00e9rience utilisateur et de mesurer l\u2019audience.<\/p>\n<h6><strong>Cookies strictement n\u00e9cessaires<\/strong><\/h6>\n<p>Ces cookies sont indispensables au bon fonctionnement du site et ne peuvent pas \u00eatre d\u00e9sactiv\u00e9s dans nos syst\u00e8mes.<\/p>\n<h6><strong>Cookies de mesure d\u2019audience<\/strong><\/h6>\n<p>Nous utilisons des cookies analytiques (par ex. Google Analytics ou \u00e9quivalent) afin de mesurer la fr\u00e9quentation, les performances et d\u2019analyser l\u2019utilisation du site dans le but d\u2019en am\u00e9liorer le contenu.<\/p>\n<h6><strong>Cookies fonctionnels<\/strong><\/h6>\n<p>Ils permettent de m\u00e9moriser vos choix et pr\u00e9f\u00e9rences (par exemple, langue ou formulaire d\u00e9j\u00e0 rempli) pour faciliter votre navigation.<\/p>\n<h6><strong>Cookies de tiers<\/strong><\/h6>\n<p>Certains services tiers (par exemple vid\u00e9os, cartes interactives, r\u00e9seaux sociaux) peuvent d\u00e9poser leurs propres cookies.<\/p>\n<h4><strong>3. Consentement \u00e0 l\u2019utilisation des cookies<\/strong><\/h4>\n<p>Lors de votre premi\u00e8re visite sur notre site, un bandeau vous informe de l\u2019utilisation des cookies. Vous pouvez :<\/p>\n<ul>\n<li><strong>Accepter<\/strong> l\u2019ensemble des cookies.<\/li>\n<li><strong>Refuser<\/strong> les cookies non essentiels.<\/li>\n<li><strong>Personnaliser<\/strong> vos choix via le module de gestion des cookies.<\/li>\n<\/ul>\n<p>Votre consentement est conserv\u00e9 pendant une dur\u00e9e maximale de <strong>6 mois<\/strong>.<\/p>\n<h4><strong>4. Gestion des cookies<\/strong><\/h4>\n<p>Vous pouvez \u00e0 tout moment modifier vos pr\u00e9f\u00e9rences ou retirer votre consentement en :<\/p>\n<ul>\n<li>Utilisant le module de gestion des cookies disponible sur le site.<\/li>\n<li>Param\u00e9trant directement votre navigateur (suppression ou blocage des cookies).<\/li>\n<\/ul>\n<p>Voici comment g\u00e9rer les cookies selon votre navigateur :<\/p>\n<ul>\n<li><a href=\"https:\/\/support.google.com\/chrome\/answer\/95647\">Chrome<br><\/a><\/li>\n<li><a href=\"https:\/\/support.mozilla.org\/fr\/kb\/activer-desactiver-cookies\">Firefox<br><\/a><\/li>\n<li><a href=\"https:\/\/support.apple.com\/fr-fr\/guide\/safari\/sfri11471\/mac\">Safari<br><\/a><\/li>\n<li><a href=\"https:\/\/support.microsoft.com\/fr-fr\/microsoft-edge\/supprimer-les-cookies-dans-microsoft-edge-63947406-40ac-c3b8-57b9-2a946a29ae09\">Edge<br><\/a><\/li>\n<\/ul>\n<h4><strong>5. Responsable du traitement<\/strong><\/h4>\n<p>Le responsable du traitement des donn\u00e9es collect\u00e9es via les cookies est :<br>&nbsp;<strong>Atelier Vassant [forme juridique \u00e0 compl\u00e9ter]<br><\/strong>&nbsp;Si\u00e8ge social : [adresse compl\u00e8te \u00e0 Paris]<br>&nbsp;Email : [email de contact]<\/p>\n<h4><strong>6. Vos droits<\/strong><\/h4>\n<p>Conform\u00e9ment au <strong>RGPD<\/strong> et \u00e0 la <strong>loi Informatique et Libert\u00e9s<\/strong>, vous disposez des droits d\u2019acc\u00e8s, de rectification, d\u2019effacement, de limitation et d\u2019opposition.<br>Pour exercer vos droits, vous pouvez nous contacter \u00e0 l\u2019adresse suivante : info@aterliervassant.com<\/p>\t\t\t\t\t\t\t\t<\/div>\n\t\t\t\t<\/div>\n\t\t\t\t\t<\/div>\n\t\t<\/div>\n\t\t\t\t\t<\/div>\n\t\t<\/section>\n\t\t\t\t<\/div>\n\t\t","protected":false},"excerpt":{"rendered":"<p>Politique relative aux cookies Derni\u00e8re mise \u00e0 jour : 22 Septembre 2025 1. Qu\u2019est-ce qu\u2019un cookie ? Un cookie est un petit fichier texte enregistr\u00e9 sur votre terminal (ordinateur, tablette,&hellip;<\/p>\n","protected":false},"author":1,"featured_media":0,"parent":0,"menu_order":0,"comment_status":"closed","ping_status":"closed","template":"","meta":{"footnotes":""},"class_list":["post-410","page","type-page","status-publish","hentry"],"_links":{"self":[{"href":"https:\/\/ateliervassant.com\/en\/wp-json\/wp\/v2\/pages\/410","targetHints":{"allow":["GET"]}}],"collection":[{"href":"https:\/\/ateliervassant.com\/en\/wp-json\/wp\/v2\/pages"}],"about":[{"href":"https:\/\/ateliervassant.com\/en\/wp-json\/wp\/v2\/types\/page"}],"author":[{"embeddable":true,"href":"https:\/\/ateliervassant.com\/en\/wp-json\/wp\/v2\/users\/1"}],"replies":[{"embeddable":true,"href":"https:\/\/ateliervassant.com\/en\/wp-json\/wp\/v2\/comments?post=410"}],"version-history":[{"count":29,"href":"https:\/\/ateliervassant.com\/en\/wp-json\/wp\/v2\/pages\/410\/revisions"}],"predecessor-version":[{"id":1034,"href":"https:\/\/ateliervassant.com\/en\/wp-json\/wp\/v2\/pages\/410\/revisions\/1034"}],"wp:attachment":[{"href":"https:\/\/ateliervassant.com\/en\/wp-json\/wp\/v2\/media?parent=410"}],"curies":[{"name":"wp","href":"https:\/\/api.w.org\/{rel}","templated":true}]}}