{"id":3,"date":"2025-08-31T19:04:40","date_gmt":"2025-08-31T19:04:40","guid":{"rendered":"https:\/\/ateliervassant.com\/?page_id=3"},"modified":"2025-09-22T19:25:13","modified_gmt":"2025-09-22T19:25:13","slug":"politique-de-confidentialite","status":"publish","type":"page","link":"https:\/\/ateliervassant.com\/en\/politique-de-confidentialite\/","title":{"rendered":"Politique de confidentialit\u00e9"},"content":{"rendered":"\t\t<div data-elementor-type=\"wp-page\" data-elementor-id=\"3\" class=\"elementor elementor-3\">\n\t\t\t\t\t\t<section class=\"elementor-section elementor-top-section elementor-element elementor-element-5f0e56be elementor-section-boxed elementor-section-height-default elementor-section-height-default sc_fly_static\" data-id=\"5f0e56be\" data-element_type=\"section\">\n\t\t\t\t\t\t<div class=\"elementor-container elementor-column-gap-extended\">\n\t\t\t\t\t<div class=\"elementor-column elementor-col-100 elementor-top-column elementor-element elementor-element-a5de4c7 sc_content_align_inherit sc_layouts_column_icons_position_left sc_fly_static\" data-id=\"a5de4c7\" data-element_type=\"column\">\n\t\t\t<div class=\"elementor-widget-wrap elementor-element-populated\">\n\t\t\t\t\t\t<div class=\"elementor-element elementor-element-57d091b0 sc_fly_static elementor-widget elementor-widget-text-editor\" data-id=\"57d091b0\" data-element_type=\"widget\" data-widget_type=\"text-editor.default\">\n\t\t\t\t<div class=\"elementor-widget-container\">\n\t\t\t\t\t\t\t\t\t<p><\/p>\n<h2 class=\"wp-block-heading\"><strong>Politique de Confidentialit\u00e9<\/strong><\/h2>\n<p><strong>Derni\u00e8re mise \u00e0 jour : 22 Septembre 2025<\/strong><\/p>\n<h4><strong>1. Responsable du traitement<\/strong><\/h4>\n<p>Le responsable du traitement des donn\u00e9es est :<br><strong>Atelier Vassant<br><\/strong>&nbsp;Si\u00e8ge social : 33 RUE DES MONTIBOEUFS, 75020 PARIS France<br>&nbsp;Email de contact : info@aterliervassant.com<br>&nbsp;T\u00e9l\u00e9phone :&nbsp;01 33 81 00 39<\/p>\n<p>Le site <b>ateliervassant.com<\/b>&nbsp;a \u00e9t\u00e9 d\u00e9velopp\u00e9 par <strong>Blablabla Agency LTD<\/strong>, situ\u00e9 \u00e0 <strong>13 Lees Street, 74404 Curepipe, Maurice<\/strong>.<br>&nbsp;L\u2019h\u00e9bergement est assur\u00e9 par <strong>Hostinger International Ltd<\/strong>, dont les serveurs sont utilis\u00e9s pour le stockage du contenu et l\u2019exploitation technique du site.<\/p>\n<h4><strong>2. Donn\u00e9es collect\u00e9es<\/strong><\/h4>\n<p>Nous collectons les donn\u00e9es suivantes lors de votre navigation sur le Site :<\/p>\n<ul>\n<li><strong>Donn\u00e9es d\u2019identification<\/strong>, comme votre nom, pr\u00e9nom, adresse e-mail ou t\u00e9l\u00e9phone, lorsque vous remplissez un formulaire de contact.\n<\/li>\n<li><strong>Donn\u00e9es de navigation<\/strong>, telles que l\u2019adresse IP, le type de navigateur, les pages consult\u00e9es ou le temps pass\u00e9 sur le Site, collect\u00e9es gr\u00e2ce aux cookies et outils analytiques.\n<\/li>\n<\/ul>\n<h4><strong>3. Finalit\u00e9s du traitement<\/strong><\/h4>\n<p>Vos donn\u00e9es sont utilis\u00e9es pour :<\/p>\n<ul>\n<li>R\u00e9pondre \u00e0 vos demandes via le formulaire de contact.\n<\/li>\n<li>Fournir les services sollicit\u00e9s.\n<\/li>\n<li>Am\u00e9liorer l\u2019exp\u00e9rience utilisateur et le contenu du Site.\n<\/li>\n<li>Assurer la s\u00e9curit\u00e9, la performance et la maintenance technique du Site.\n<\/li>\n<\/ul>\n<h4><strong>4. Base l\u00e9gale du traitement<\/strong><\/h4>\n<p>Le traitement de vos donn\u00e9es repose sur :<\/p>\n<ul>\n<li>Votre <strong>consentement<\/strong>, notamment via les cookies et les formulaires.\n<\/li>\n<li>L\u2019<strong>ex\u00e9cution d\u2019un contrat ou de mesures pr\u00e9contractuelles<\/strong>, lorsque vous nous contactez.\n<\/li>\n<li>L\u2019<strong>int\u00e9r\u00eat l\u00e9gitime<\/strong> de l\u2019entreprise pour s\u00e9curiser et am\u00e9liorer le Site.\n<\/li>\n<\/ul>\n<h4><strong>5. Destinataires des donn\u00e9es<\/strong><\/h4>\n<p>Vos donn\u00e9es sont destin\u00e9es \u00e0 <strong>Atelier Vassant<\/strong>&nbsp;pour les usages mentionn\u00e9s ci-dessus.<br>&nbsp;Des prestataires techniques (agence web, h\u00e9bergeur) peuvent y acc\u00e9der dans le cadre de leurs missions de <strong>maintenance, d\u2019h\u00e9bergement ou de d\u00e9veloppement<\/strong>.<\/p>\n<h4><strong>6. Dur\u00e9e de conservation<\/strong><\/h4>\n<ul>\n<li><strong>Donn\u00e9es de contact<\/strong> : conserv\u00e9es pendant <strong>3 ans<\/strong> \u00e0 compter du dernier \u00e9change.\n<\/li>\n<li><strong>Donn\u00e9es de navigation<\/strong> (cookies) : conserv\u00e9es pendant un maximum de <strong>13 mois<\/strong>.\n<\/li>\n<\/ul>\n<h4><strong>7. Cookies et outils de suivi<\/strong><\/h4>\n<p>Le Site utilise des cookies pour :<\/p>\n<ul>\n<li>Optimiser votre navigation.\n<\/li>\n<li>Analyser la fr\u00e9quentation afin d\u2019am\u00e9liorer les contenus.<br>Vous pouvez g\u00e9rer vos pr\u00e9f\u00e9rences via votre navigateur ou refuser les cookies non essentiels.\n<\/li>\n<\/ul>\n<h4><strong>8. S\u00e9curit\u00e9 des donn\u00e9es<\/strong><\/h4>\n<p>Nous mettons en place des mesures techniques et organisationnelles adapt\u00e9es pour prot\u00e9ger vos donn\u00e9es personnelles (h\u00e9bergement s\u00e9curis\u00e9, acc\u00e8s contr\u00f4l\u00e9, chiffrement HTTPS).<\/p>\n<h4><strong>9. Vos droits<\/strong><\/h4>\n<p>Conform\u00e9ment au <strong>R\u00e8glement G\u00e9n\u00e9ral sur la Protection des Donn\u00e9es (RGPD)<\/strong> et \u00e0 la r\u00e9glementation fran\u00e7aise, vous disposez des droits suivants :<\/p>\n<ul>\n<li><strong>Acc\u00e8s<\/strong> \u00e0 vos donn\u00e9es.\n<\/li>\n<li><strong>Rectification<\/strong> des donn\u00e9es inexactes.\n<\/li>\n<li><strong>Effacement<\/strong> de vos donn\u00e9es.\n<\/li>\n<li><strong>Limitation<\/strong> ou opposition \u00e0 certains traitements.\n<\/li>\n<li><strong>Retrait de votre consentement<\/strong> \u00e0 tout moment.\n<\/li>\n<\/ul>\n<p>Pour exercer vos droits, contactez-nous \u00e0 :<br>&nbsp;Email : [\u00e0 ins\u00e9rer]<br>&nbsp;Adresse postale : 4 Chemin Marcelin Berthelot, 59200 Tourcoing, France<\/p>\n<h4><strong>10. Transferts de donn\u00e9es hors UE<\/strong><\/h4>\n<p>Les donn\u00e9es sont h\u00e9berg\u00e9es sur les serveurs de <strong>Hostinger International Ltd<\/strong> (UE). Aucun transfert en dehors de l\u2019Union Europ\u00e9enne n\u2019est effectu\u00e9 sans garanties appropri\u00e9es.<\/p>\n<h4><strong>11. Modification de la politique<\/strong><\/h4>\n<p>Cette politique peut \u00eatre mise \u00e0 jour \u00e0 tout moment. La version la plus r\u00e9cente sera toujours disponible sur cette page.<\/p>\t\t\t\t\t\t\t\t<\/div>\n\t\t\t\t<\/div>\n\t\t\t\t\t<\/div>\n\t\t<\/div>\n\t\t\t\t\t<\/div>\n\t\t<\/section>\n\t\t\t\t<\/div>\n\t\t","protected":false},"excerpt":{"rendered":"<p>Politique de Confidentialit\u00e9 Derni\u00e8re mise \u00e0 jour : 22 Septembre 2025 1. Responsable du traitement Le responsable du traitement des donn\u00e9es est :Atelier Vassant&nbsp;Si\u00e8ge social : 33 RUE DES MONTIBOEUFS,&hellip;<\/p>\n","protected":false},"author":1,"featured_media":0,"parent":0,"menu_order":0,"comment_status":"closed","ping_status":"closed","template":"elementor_canvas","meta":{"footnotes":""},"class_list":["post-3","page","type-page","status-publish","hentry"],"_links":{"self":[{"href":"https:\/\/ateliervassant.com\/en\/wp-json\/wp\/v2\/pages\/3","targetHints":{"allow":["GET"]}}],"collection":[{"href":"https:\/\/ateliervassant.com\/en\/wp-json\/wp\/v2\/pages"}],"about":[{"href":"https:\/\/ateliervassant.com\/en\/wp-json\/wp\/v2\/types\/page"}],"author":[{"embeddable":true,"href":"https:\/\/ateliervassant.com\/en\/wp-json\/wp\/v2\/users\/1"}],"replies":[{"embeddable":true,"href":"https:\/\/ateliervassant.com\/en\/wp-json\/wp\/v2\/comments?post=3"}],"version-history":[{"count":11,"href":"https:\/\/ateliervassant.com\/en\/wp-json\/wp\/v2\/pages\/3\/revisions"}],"predecessor-version":[{"id":1051,"href":"https:\/\/ateliervassant.com\/en\/wp-json\/wp\/v2\/pages\/3\/revisions\/1051"}],"wp:attachment":[{"href":"https:\/\/ateliervassant.com\/en\/wp-json\/wp\/v2\/media?parent=3"}],"curies":[{"name":"wp","href":"https:\/\/api.w.org\/{rel}","templated":true}]}}