{"id":410,"date":"2025-09-01T10:48:46","date_gmt":"2025-09-01T10:48:46","guid":{"rendered":"https:\/\/ateliervassant.com\/?page_id=410"},"modified":"2025-09-22T19:10:32","modified_gmt":"2025-09-22T19:10:32","slug":"%d9%85%d9%84%d9%81%d8%a7%d8%aa-%d8%aa%d8%b9%d8%b1%d9%8a%d9%81-%d8%a7%d9%84%d8%a7%d8%b1%d8%aa%d8%a8%d8%a7%d8%b7-%d8%a7%d9%84%d8%b3%d8%b1%d9%8a%d8%a9","status":"publish","type":"page","link":"https:\/\/ateliervassant.com\/ar\/%d9%85%d9%84%d9%81%d8%a7%d8%aa-%d8%aa%d8%b9%d8%b1%d9%8a%d9%81-%d8%a7%d9%84%d8%a7%d8%b1%d8%aa%d8%a8%d8%a7%d8%b7-%d8%a7%d9%84%d8%b3%d8%b1%d9%8a%d8%a9\/","title":{"rendered":"\u0645\u0644\u0641\u0627\u062a \u062a\u0639\u0631\u064a\u0641 \u0627\u0644\u0627\u0631\u062a\u0628\u0627\u0637 \u0627\u0644\u0633\u0631\u064a\u0629"},"content":{"rendered":"<div data-elementor-type=\"wp-page\" data-elementor-id=\"410\" class=\"elementor elementor-410\">\n\t\t\t\t\t\t<section class=\"elementor-section elementor-top-section elementor-element elementor-element-d212270 elementor-section-full_width elementor-section-content-middle sc_layouts_row sc_layouts_row_type_compact elementor-section-stretched elementor-section-height-default elementor-section-height-default sc_fly_static\" data-id=\"d212270\" data-element_type=\"section\" data-settings=\"{&quot;stretch_section&quot;:&quot;section-stretched&quot;}\">\n\t\t\t\t\t\t<div class=\"elementor-container elementor-column-gap-extended\">\n\t\t\t\t\t<div class=\"elementor-column elementor-col-50 elementor-top-column elementor-element elementor-element-c62e8c6 sc_content_align_inherit sc_layouts_column_icons_position_left sc_fly_static\" data-id=\"c62e8c6\" data-element_type=\"column\">\n\t\t\t<div class=\"elementor-widget-wrap elementor-element-populated\">\n\t\t\t\t\t\t<div class=\"elementor-element elementor-element-2b93ea7 sc_fly_static elementor-widget elementor-widget-trx_sc_layouts_logo\" data-id=\"2b93ea7\" data-element_type=\"widget\" data-widget_type=\"trx_sc_layouts_logo.default\">\n\t\t\t\t<div class=\"elementor-widget-container\">\n\t\t\t\t\t<a href=\"https:\/\/ateliervassant.com\/ar\/\"\n\t\tclass=\"sc_layouts_logo sc_layouts_logo_default trx_addons_inline_46137738\" ><img fetchpriority=\"high\" class=\"logo_image\"\n\t\t\t\t\tsrc=\"\/\/ateliervassant.com\/wp-content\/uploads\/2025\/08\/main-logo.png\"\n\t\t\t\t\t\t\t\t\t\t\tsrcset=\"\"\n\t\t\t\t\t\t\t\t\t\t\talt=\"\u0623\u062a\u064a\u0644\u064a\u0647 \u0641\u0627\u0633\u0627\u0646\u062a\" width=\"350\" height=\"248\" data-srcset=\"\"><\/a>\t\t\t\t<\/div>\n\t\t\t\t<\/div>\n\t\t\t\t\t<\/div>\n\t\t<\/div>\n\t\t\t\t<div class=\"elementor-column elementor-col-50 elementor-top-column elementor-element elementor-element-07401bd sc_layouts_column_align_right sc_layouts_column sc_content_align_inherit sc_layouts_column_icons_position_left sc_fly_static\" data-id=\"07401bd\" data-element_type=\"column\">\n\t\t\t<div class=\"elementor-widget-wrap elementor-element-populated\">\n\t\t\t\t\t\t<div class=\"elementor-element elementor-element-3761943 sc_fly_static elementor-widget elementor-widget-trx_sc_layouts_menu\" data-id=\"3761943\" data-element_type=\"widget\" data-widget_type=\"trx_sc_layouts_menu.default\">\n\t\t\t\t<div class=\"elementor-widget-container\">\n\t\t\t\t\t<div class=\"sc_layouts_iconed_text sc_layouts_menu_mobile_button_burger sc_layouts_menu_mobile_button\">\n\t\t<a class=\"sc_layouts_item_link sc_layouts_iconed_text_link\" href=\"#\" role=\"button\">\n\t\t\t<span class=\"sc_layouts_item_icon sc_layouts_iconed_text_icon trx_addons_icon-menu\"><\/span>\n\t\t<\/a>\n\t\t<\/div>\t\t\t\t<\/div>\n\t\t\t\t<\/div>\n\t\t\t\t\t<\/div>\n\t\t<\/div>\n\t\t\t\t\t<\/div>\n\t\t<\/section>\n\t\t\t\t<section class=\"elementor-section elementor-top-section elementor-element elementor-element-29a8bde elementor-section-boxed elementor-section-height-default elementor-section-height-default sc_fly_static\" data-id=\"29a8bde\" data-element_type=\"section\">\n\t\t\t\t\t\t<div class=\"elementor-container elementor-column-gap-extended\">\n\t\t\t\t\t<div class=\"elementor-column elementor-col-100 elementor-top-column elementor-element elementor-element-6ea7a4c sc_content_align_inherit sc_layouts_column_icons_position_left sc_fly_static\" data-id=\"6ea7a4c\" data-element_type=\"column\">\n\t\t\t<div class=\"elementor-widget-wrap elementor-element-populated\">\n\t\t\t\t\t\t<div class=\"elementor-element elementor-element-7c0117e sc_fly_static elementor-widget elementor-widget-text-editor\" data-id=\"7c0117e\" data-element_type=\"widget\" data-widget_type=\"text-editor.default\">\n\t\t\t\t<div class=\"elementor-widget-container\">\n\t\t\t\t\t\t\t\t\t<h2><strong>\u0627\u0644\u0633\u064a\u0627\u0633\u0629 \u0627\u0644\u0645\u062a\u0639\u0644\u0642\u0629 \u0628\u0645\u0644\u0641\u0627\u062a \u062a\u0639\u0631\u064a\u0641 \u0627\u0644\u0627\u0631\u062a\u0628\u0627\u0637<\/strong><\/h2>\n<p><strong>\u0622\u062e\u0631 \u0645\u0648\u0639\u062f \u0644\u0644\u062a\u0642\u062f\u064a\u0645: 22 \u0633\u0628\u062a\u0645\u0628\u0631 2025<\/strong><\/p>\n<h4><strong>1. \u0645\u0627 \u0647\u0648 \u0645\u0644\u0641 \u062a\u0639\u0631\u064a\u0641 \u0627\u0644\u0627\u0631\u062a\u0628\u0627\u0637\u061f<\/strong><\/h4>\n<p>\u0645\u0644\u0641 \u062a\u0639\u0631\u064a\u0641 \u0627\u0644\u0627\u0631\u062a\u0628\u0627\u0637 \u0647\u0648 \u0645\u0644\u0641 \u0646\u0635\u064a \u0635\u063a\u064a\u0631 \u064a\u062a\u0645 \u062a\u0633\u062c\u064a\u0644\u0647 \u0639\u0644\u0649 \u062c\u0647\u0627\u0632\u0643 \u0627\u0644\u0637\u0631\u0641\u064a (\u062c\u0647\u0627\u0632 \u0644\u0648\u062d\u064a\u060c \u062c\u0647\u0627\u0632 \u0644\u0648\u062d\u064a \u0623\u0648 \u0647\u0627\u062a\u0641 \u0630\u0643\u064a) \u0623\u062b\u0646\u0627\u0621 \u0632\u064a\u0627\u0631\u0629 \u0645\u0648\u0642\u0639 \u0639\u0644\u0649 \u0627\u0644\u0625\u0646\u062a\u0631\u0646\u062a. \u064a\u062a\u064a\u062d \u0644\u0643 \u0647\u0630\u0627 \u0627\u0644\u0645\u0644\u0641 \u0627\u0644\u062a\u0639\u0631\u0641 \u0639\u0644\u0649 \u0645\u062a\u0635\u0641\u062d\u0643 \u062e\u0644\u0627\u0644 \u0641\u062a\u0631\u0629 \u0635\u0644\u0627\u062d\u064a\u0629 \u0645\u0644\u0641 \u062a\u0639\u0631\u064a\u0641 \u0627\u0644\u0627\u0631\u062a\u0628\u0627\u0637 \u0648\u062a\u062e\u0632\u064a\u0646 \u0628\u0639\u0636 \u0627\u0644\u0645\u0639\u0644\u0648\u0645\u0627\u062a \u0627\u0644\u0645\u062a\u0639\u0644\u0642\u0629 \u0628\u062a\u0635\u0641\u062d\u0643.<\/p>\n<h4><strong>2. \u0627\u0633\u062a\u062e\u062f\u0627\u0645 \u0645\u0644\u0641\u0627\u062a \u062a\u0639\u0631\u064a\u0641 \u0627\u0644\u0627\u0631\u062a\u0628\u0627\u0637 \u0639\u0644\u0649 \u0645\u0648\u0642\u0639\u0646\u0627<\/strong><\/h4>\n<p>\u0627\u0644\u0645\u0648\u0642\u0639 <a href=\"https:\/\/ateliervassant.com\/ar\/\"><strong>https:\/\/ateliervassant.com<\/strong><\/a>&nbsp;\u062a\u0633\u062a\u062e\u062f\u0645 \u0623\u0646\u0648\u0627\u0639\u064b\u0627 \u0645\u062e\u062a\u0644\u0641\u0629 \u0645\u0646 \u0645\u0644\u0641\u0627\u062a \u062a\u0639\u0631\u064a\u0641 \u0627\u0644\u0627\u0631\u062a\u0628\u0627\u0637 \u0645\u0646 \u0623\u062c\u0644 \u062a\u062d\u0633\u064a\u0646 \u062a\u062c\u0631\u0628\u0629 \u0627\u0633\u062a\u062e\u062f\u0627\u0645\u0643 \u0648\u062a\u0639\u0631\u064a\u0641 \u0627\u0644\u062c\u0645\u0647\u0648\u0631.<\/p>\n<h6><strong>\u0645\u0644\u0641\u0627\u062a \u062a\u0639\u0631\u064a\u0641 \u0627\u0644\u0627\u0631\u062a\u0628\u0627\u0637 \u0627\u0644\u0636\u0631\u0648\u0631\u064a\u0629 \u062a\u0645\u0627\u0645\u064b\u0627<\/strong><\/h6>\n<p>\u0645\u0644\u0641\u0627\u062a \u062a\u0639\u0631\u064a\u0641 \u0627\u0644\u0627\u0631\u062a\u0628\u0627\u0637 \u0647\u0630\u0647 \u0644\u0627 \u063a\u0646\u0649 \u0639\u0646\u0647\u0627 \u0641\u064a \u062d\u0633\u0646 \u0633\u064a\u0631 \u0639\u0645\u0644 \u0627\u0644\u0645\u0648\u0642\u0639 \u0648\u0644\u0627 \u064a\u062c\u0648\u0632 \u062a\u0639\u0637\u064a\u0644\u0647\u0627 \u0641\u064a \u0623\u0646\u0638\u0645\u062a\u0646\u0627.<\/p>\n<h6><strong>\u0645\u0644\u0641\u0627\u062a \u062a\u0639\u0631\u064a\u0641 \u0627\u0644\u0627\u0631\u062a\u0628\u0627\u0637 \u0627\u0644\u062e\u0627\u0635\u0629 \u0628\u0627\u0644\u062c\u0645\u0647\u0648\u0631<\/strong><\/h6>\n<p>\u0646\u062d\u0646 \u0646\u0633\u062a\u062e\u062f\u0645 \u0645\u0644\u0641\u0627\u062a \u062a\u0639\u0631\u064a\u0641 \u0627\u0644\u0627\u0631\u062a\u0628\u0627\u0637 \u0627\u0644\u062a\u062d\u0644\u064a\u0644\u064a\u0629 (\u0645\u062b\u0644 Google Analytics \u0623\u0648 \u0645\u0627 \u064a\u0639\u0627\u062f\u0644\u0647) \u0645\u0646 \u0623\u062c\u0644 \u0642\u064a\u0627\u0633 \u0627\u0644\u062a\u0631\u062f\u062f\u060c \u0648\u0627\u0644\u0623\u062f\u0627\u0621 \u0648\u062a\u062d\u0644\u064a\u0644 \u0627\u0633\u062a\u062e\u062f\u0627\u0645 \u0627\u0644\u0645\u0648\u0642\u0639 \u0648\u0644\u0643\u0646 \u0645\u0646 \u0623\u062c\u0644 \u062a\u062d\u0633\u064a\u0646 \u0627\u0644\u0645\u062d\u062a\u0648\u0649.<\/p>\n<h6><strong>\u0645\u0644\u0641\u0627\u062a \u062a\u0639\u0631\u064a\u0641 \u0627\u0644\u0627\u0631\u062a\u0628\u0627\u0637<\/strong><\/h6>\n<p>\u0625\u0646\u0647\u0627 \u062a\u0633\u0645\u062d \u0644\u0643 \u0628\u062d\u0641\u0638 \u0627\u062e\u062a\u064a\u0627\u0631\u0627\u062a\u0643 \u0648\u062a\u0641\u0636\u064a\u0644\u0627\u062a\u0643 (\u0639\u0644\u0649 \u0633\u0628\u064a\u0644 \u0627\u0644\u0645\u062b\u0627\u0644\u060c \u0627\u0644\u0644\u063a\u0629 \u0623\u0648 \u0627\u0644\u0635\u064a\u063a\u0629 \u0627\u0644\u062a\u064a \u062a\u0645 \u062d\u0641\u0638\u0647\u0627) \u0644\u062a\u0633\u0647\u064a\u0644 \u062a\u0635\u0641\u062d\u0643.<\/p>\n<h6><strong>\u0643\u0648\u0643\u064a\u0632 \u062f\u064a \u062a\u064a\u0631\u0633<\/strong><\/h6>\n<p>\u064a\u0645\u0643\u0646 \u0644\u0628\u0639\u0636 \u0645\u0633\u062a\u0648\u064a\u0627\u062a \u0627\u0644\u062e\u062f\u0645\u0627\u062a (\u0639\u0644\u0649 \u0633\u0628\u064a\u0644 \u0627\u0644\u0645\u062b\u0627\u0644 \u0645\u0644\u0641\u0627\u062a \u062a\u0639\u0631\u064a\u0641 \u0627\u0644\u0627\u0631\u062a\u0628\u0627\u0637 \u0627\u0644\u062e\u0627\u0635\u0629 \u0628\u0647\u0627 (\u0645\u062b\u0644 \u0645\u0644\u0641\u0627\u062a \u0627\u0644\u0641\u064a\u062f\u064a\u0648\u060c \u0648\u0627\u0644\u0639\u0631\u0628\u0627\u062a \u0627\u0644\u062a\u0641\u0627\u0639\u0644\u064a\u0629\u060c \u0648\u062e\u062f\u0645\u0627\u062a \u0627\u0644\u062a\u0648\u0627\u0635\u0644 \u0627\u0644\u0627\u062c\u062a\u0645\u0627\u0639\u064a).<\/p>\n<h4><strong>3. \u0627\u0644\u0645\u0648\u0627\u0641\u0642\u0629 \u0639\u0644\u0649 \u0627\u0633\u062a\u062e\u062f\u0627\u0645 \u0645\u0644\u0641\u0627\u062a \u062a\u0639\u0631\u064a\u0641 \u0627\u0644\u0627\u0631\u062a\u0628\u0627\u0637<\/strong><\/h4>\n<p>Lors de votre premi\u00e8re visite sur notre site\u060c \u064a\u064f\u0639\u0644\u0645\u0643 \u0634\u0631\u064a\u0637 \u0644\u0627\u0635\u0642 \u0628\u0627\u0633\u062a\u062e\u062f\u0627\u0645 \u0645\u0644\u0641\u0627\u062a \u062a\u0639\u0631\u064a\u0641 \u0627\u0644\u0627\u0631\u062a\u0628\u0627\u0637. \u064a\u0645\u0643\u0646\u0643 :<\/p>\n<ul>\n<li><strong>\u0645\u062a\u0642\u0628\u0644<\/strong> \u0645\u062c\u0645\u0648\u0639\u0629 \u0627\u0644\u0643\u0648\u0643\u064a\u0632.<\/li>\n<li><strong>\u0627\u0644\u0631\u0627\u0641\u0636<\/strong> \u0645\u0644\u0641\u0627\u062a \u062a\u0639\u0631\u064a\u0641 \u0627\u0644\u0627\u0631\u062a\u0628\u0627\u0637 \u063a\u064a\u0631 \u0627\u0644\u0623\u0633\u0627\u0633\u064a\u0629.<\/li>\n<li><strong>\u0634\u062e\u0635\u0646\u0629<\/strong> \u0627\u062e\u062a\u064a\u0627\u0631\u0627\u062a\u0643 \u0639\u0628\u0631 \u0648\u062d\u062f\u0629 \u0625\u062f\u0627\u0631\u0629 \u0645\u0644\u0641\u0627\u062a \u062a\u0639\u0631\u064a\u0641 \u0627\u0644\u0627\u0631\u062a\u0628\u0627\u0637.<\/li>\n<\/ul>\n<p>\u064a\u062a\u0645 \u0627\u0644\u0627\u062d\u062a\u0641\u0627\u0638 \u0628\u0645\u0648\u0627\u0641\u0642\u0629 \u0627\u0644\u0646\u0627\u062e\u0628 \u062e\u0644\u0627\u0644 \u0645\u062f\u0629 \u0623\u0642\u0635\u0627\u0647\u0627 <strong>6 \u0623\u0634\u0647\u0631<\/strong>.<\/p>\n<h4><strong>4. Gestion des cookies<\/strong><\/h4>\n<p>\u064a\u0645\u0643\u0646\u0643 \u0641\u064a \u0623\u064a \u0644\u062d\u0638\u0629 \u062a\u0639\u062f\u064a\u0644 \u062a\u0641\u0636\u064a\u0644\u0627\u062a\u0643 \u0623\u0648 \u0633\u062d\u0628 \u0645\u0648\u0627\u0641\u0642\u062a\u0643 \u0641\u064a :<\/p>\n<ul>\n<li>\u0627\u0633\u062a\u062e\u062f\u0627\u0645 \u0648\u062d\u062f\u0629 \u0625\u062f\u0627\u0631\u0629 \u0645\u0644\u0641\u0627\u062a \u062a\u0639\u0631\u064a\u0641 \u0627\u0644\u0627\u0631\u062a\u0628\u0627\u0637 \u0627\u0644\u0645\u062a\u0648\u0641\u0631\u0629 \u0639\u0644\u0649 \u0627\u0644\u0645\u0648\u0642\u0639.<\/li>\n<li>\u0627\u0644\u062a\u062d\u0643\u0645 \u0627\u0644\u0645\u0628\u0627\u0634\u0631 \u0641\u064a \u0645\u062a\u0635\u0641\u062d\u0643 (\u0645\u0646\u0639 \u0623\u0648 \u062d\u0638\u0631 \u0645\u0644\u0641\u0627\u062a \u062a\u0639\u0631\u064a\u0641 \u0627\u0644\u0627\u0631\u062a\u0628\u0627\u0637).<\/li>\n<\/ul>\n<p>Voici comment g\u00e9rer les cookies selon votre navigateur :<\/p>\n<ul>\n<li><a href=\"https:\/\/support.google.com\/chrome\/answer\/95647\">\u0643\u0631\u0648\u0645<br><\/a><\/li>\n<li><a href=\"https:\/\/support.mozilla.org\/fr\/kb\/activer-desactiver-cookies\">\u0641\u0627\u064a\u0631\u0641\u0648\u0643\u0633<br><\/a><\/li>\n<li><a href=\"https:\/\/support.apple.com\/fr-fr\/guide\/safari\/sfri11471\/mac\">\u0633\u0641\u0627\u0631\u064a<br><\/a><\/li>\n<li><a href=\"https:\/\/support.microsoft.com\/fr-fr\/microsoft-edge\/supprimer-les-cookies-dans-microsoft-edge-63947406-40ac-c3b8-57b9-2a946a29ae09\">\u0625\u064a\u062f\u062c<br><\/a><\/li>\n<\/ul>\n<h4><strong>5. Responsable du traitement<\/strong><\/h4>\n<p>\u0627\u0644\u0645\u0633\u0624\u0648\u0644 \u0639\u0646 \u0645\u0639\u0627\u0644\u062c\u0629 \u0627\u0644\u0645\u0639\u0644\u0648\u0645\u0627\u062a \u0627\u0644\u062a\u064a \u064a\u062a\u0645 \u062c\u0645\u0639\u0647\u0627 \u0639\u0628\u0631 \u0645\u0644\u0641\u0627\u062a \u062a\u0639\u0631\u064a\u0641 \u0627\u0644\u0627\u0631\u062a\u0628\u0627\u0637 \u0647\u0648 :<br>&nbsp;<strong>\u0623\u062a\u064a\u0644\u064a\u0647 \u0641\u0627\u0633\u0627\u0646 [\u0627\u0644\u0634\u0643\u0644 \u0627\u0644\u0642\u0627\u0646\u0648\u0646\u064a \u0644\u0644\u0634\u0643\u0648\u0649]<br><\/strong>&nbsp;Si\u00e8ge social : [adresse compl\u00e8te \u00e0 Paris]<br>&nbsp;\u0627\u0644\u0628\u0631\u064a\u062f \u0627\u0644\u0625\u0644\u0643\u062a\u0631\u0648\u0646\u064a : [\u0627\u0644\u0628\u0631\u064a\u062f \u0627\u0644\u0625\u0644\u0643\u062a\u0631\u0648\u0646\u064a \u0644\u0644\u0627\u062a\u0635\u0627\u0644]<\/p>\n<h4><strong>6. Vos droits<\/strong><\/h4>\n<p>\u0645\u0637\u0627\u0628\u0642 \u0644\u0640 <strong>RGPD<\/strong> et \u00e0 la <strong>\u0642\u0627\u0646\u0648\u0646 \u0627\u0644\u0645\u0639\u0644\u0648\u0645\u0627\u062a\u064a\u0629 \u0648\u0627\u0644\u062d\u0631\u064a\u0627\u062a<\/strong>, \u0641\u0623\u0646\u062a \u062a\u0645\u0644\u0643 \u062d\u0642\u0648\u0642 \u0627\u0644\u0648\u0635\u0648\u0644 \u0648\u0627\u0644\u062a\u0635\u062d\u064a\u062d \u0648\u0627\u0644\u0645\u0633\u062d \u0648\u0627\u0644\u062a\u0642\u064a\u064a\u062f \u0648\u0627\u0644\u0645\u0639\u0627\u0631\u0636\u0629.<br>\u0644\u0645\u0645\u0627\u0631\u0633\u0629 \u062d\u0642\u0648\u0642\u0643\u060c \u064a\u0645\u0643\u0646\u0643 \u0627\u0644\u0627\u062a\u0635\u0627\u0644 \u0628\u0646\u0627 \u0639\u0644\u0649 \u0627\u0644\u0639\u0646\u0648\u0627\u0646 \u0627\u0644\u062a\u0627\u0644\u064a: info@aterliervassant.com<\/p>\t\t\t\t\t\t\t\t<\/div>\n\t\t\t\t<\/div>\n\t\t\t\t\t<\/div>\n\t\t<\/div>\n\t\t\t\t\t<\/div>\n\t\t<\/section>\n\t\t\t\t<\/div>","protected":false},"excerpt":{"rendered":"<p>Politique relative aux cookies Derni\u00e8re mise \u00e0 jour : 22 Septembre 2025 1. Qu\u2019est-ce qu\u2019un cookie ? Un cookie est un petit fichier texte enregistr\u00e9 sur votre terminal (ordinateur, tablette,&hellip;<\/p>","protected":false},"author":1,"featured_media":0,"parent":0,"menu_order":0,"comment_status":"closed","ping_status":"closed","template":"","meta":{"footnotes":""},"class_list":["post-410","page","type-page","status-publish","hentry"],"_links":{"self":[{"href":"https:\/\/ateliervassant.com\/ar\/wp-json\/wp\/v2\/pages\/410","targetHints":{"allow":["GET"]}}],"collection":[{"href":"https:\/\/ateliervassant.com\/ar\/wp-json\/wp\/v2\/pages"}],"about":[{"href":"https:\/\/ateliervassant.com\/ar\/wp-json\/wp\/v2\/types\/page"}],"author":[{"embeddable":true,"href":"https:\/\/ateliervassant.com\/ar\/wp-json\/wp\/v2\/users\/1"}],"replies":[{"embeddable":true,"href":"https:\/\/ateliervassant.com\/ar\/wp-json\/wp\/v2\/comments?post=410"}],"version-history":[{"count":29,"href":"https:\/\/ateliervassant.com\/ar\/wp-json\/wp\/v2\/pages\/410\/revisions"}],"predecessor-version":[{"id":1034,"href":"https:\/\/ateliervassant.com\/ar\/wp-json\/wp\/v2\/pages\/410\/revisions\/1034"}],"wp:attachment":[{"href":"https:\/\/ateliervassant.com\/ar\/wp-json\/wp\/v2\/media?parent=410"}],"curies":[{"name":"\u062f\u0628\u0644\u064a\u0648 \u0628\u064a","href":"https:\/\/api.w.org\/{rel}","templated":true}]}}