{"id":407,"date":"2025-09-01T10:48:07","date_gmt":"2025-09-01T10:48:07","guid":{"rendered":"https:\/\/ateliervassant.com\/?page_id=407"},"modified":"2025-09-23T05:55:57","modified_gmt":"2025-09-23T05:55:57","slug":"%d9%8a%d8%b0%d9%83%d8%b1-%d8%a7%d9%84%d9%82%d8%a7%d9%86%d9%88%d9%86%d9%8a%d9%8a%d9%86","status":"publish","type":"page","link":"https:\/\/ateliervassant.com\/ar\/%d9%8a%d8%b0%d9%83%d8%b1-%d8%a7%d9%84%d9%82%d8%a7%d9%86%d9%88%d9%86%d9%8a%d9%8a%d9%86\/","title":{"rendered":"\u0625\u0634\u0627\u0631\u0627\u062a \u0625\u0644\u0649 \u0623\u0634\u062e\u0627\u0635"},"content":{"rendered":"<div data-elementor-type=\"wp-page\" data-elementor-id=\"407\" class=\"elementor elementor-407\">\n\t\t\t\t\t\t<section class=\"elementor-section elementor-top-section elementor-element elementor-element-71b1cf0 elementor-section-full_width elementor-section-content-middle sc_layouts_row sc_layouts_row_type_narrow elementor-section-stretched elementor-section-height-default elementor-section-height-default sc_fly_static\" data-id=\"71b1cf0\" data-element_type=\"section\" data-settings=\"{&quot;stretch_section&quot;:&quot;section-stretched&quot;}\">\n\t\t\t\t\t\t<div class=\"elementor-container elementor-column-gap-extended\">\n\t\t\t\t\t<div class=\"elementor-column elementor-col-50 elementor-top-column elementor-element elementor-element-e27b96d sc_content_align_inherit sc_layouts_column_icons_position_left sc_fly_static\" data-id=\"e27b96d\" data-element_type=\"column\">\n\t\t\t<div class=\"elementor-widget-wrap elementor-element-populated\">\n\t\t\t\t\t\t<div class=\"elementor-element elementor-element-a1645a6 sc_fly_static elementor-widget elementor-widget-trx_sc_layouts_logo\" data-id=\"a1645a6\" data-element_type=\"widget\" data-widget_type=\"trx_sc_layouts_logo.default\">\n\t\t\t\t<div class=\"elementor-widget-container\">\n\t\t\t\t\t<a href=\"https:\/\/ateliervassant.com\/ar\/\"\n\t\tclass=\"sc_layouts_logo sc_layouts_logo_default trx_addons_inline_1036719302\" ><img fetchpriority=\"high\" class=\"logo_image\"\n\t\t\t\t\tsrc=\"\/\/ateliervassant.com\/wp-content\/uploads\/2025\/08\/main-logo.png\"\n\t\t\t\t\t\t\t\t\t\t\tsrcset=\"\"\n\t\t\t\t\t\t\t\t\t\t\talt=\"\u0623\u062a\u064a\u0644\u064a\u0647 \u0641\u0627\u0633\u0627\u0646\u062a\" width=\"350\" height=\"248\" data-srcset=\"\"><\/a>\t\t\t\t<\/div>\n\t\t\t\t<\/div>\n\t\t\t\t\t<\/div>\n\t\t<\/div>\n\t\t\t\t<div class=\"elementor-column elementor-col-50 elementor-top-column elementor-element elementor-element-bfa4adf sc_layouts_column_align_right sc_layouts_column sc_content_align_inherit sc_layouts_column_icons_position_left sc_fly_static\" data-id=\"bfa4adf\" data-element_type=\"column\">\n\t\t\t<div class=\"elementor-widget-wrap elementor-element-populated\">\n\t\t\t\t\t\t<div class=\"elementor-element elementor-element-9e4d530 sc_fly_static elementor-widget elementor-widget-trx_sc_layouts_menu\" data-id=\"9e4d530\" data-element_type=\"widget\" data-widget_type=\"trx_sc_layouts_menu.default\">\n\t\t\t\t<div class=\"elementor-widget-container\">\n\t\t\t\t\t<div class=\"sc_layouts_iconed_text sc_layouts_menu_mobile_button_burger sc_layouts_menu_mobile_button\">\n\t\t<a class=\"sc_layouts_item_link sc_layouts_iconed_text_link\" href=\"#\" role=\"button\">\n\t\t\t<span class=\"sc_layouts_item_icon sc_layouts_iconed_text_icon trx_addons_icon-menu\"><\/span>\n\t\t<\/a>\n\t\t<\/div>\t\t\t\t<\/div>\n\t\t\t\t<\/div>\n\t\t\t\t\t<\/div>\n\t\t<\/div>\n\t\t\t\t\t<\/div>\n\t\t<\/section>\n\t\t\t\t<section class=\"elementor-section elementor-top-section elementor-element elementor-element-1a27fc3 elementor-section-boxed elementor-section-height-default elementor-section-height-default sc_fly_static\" data-id=\"1a27fc3\" data-element_type=\"section\">\n\t\t\t\t\t\t<div class=\"elementor-container elementor-column-gap-extended\">\n\t\t\t\t\t<div class=\"elementor-column elementor-col-100 elementor-top-column elementor-element elementor-element-20b3507 sc_content_align_inherit sc_layouts_column_icons_position_left sc_fly_static\" data-id=\"20b3507\" data-element_type=\"column\">\n\t\t\t<div class=\"elementor-widget-wrap elementor-element-populated\">\n\t\t\t\t\t\t<div class=\"elementor-element elementor-element-9c2ae26 sc_fly_static elementor-widget elementor-widget-heading\" data-id=\"9c2ae26\" data-element_type=\"widget\" data-widget_type=\"heading.default\">\n\t\t\t\t<div class=\"elementor-widget-container\">\n\t\t\t\t\t<h2 class=\"elementor-heading-title elementor-size-default\">\u0625\u0634\u0627\u0631\u0627\u062a \u0625\u0644\u0649 \u0623\u0634\u062e\u0627\u0635<\/h2>\t\t\t\t<\/div>\n\t\t\t\t<\/div>\n\t\t\t\t\t<\/div>\n\t\t<\/div>\n\t\t\t\t\t<\/div>\n\t\t<\/section>\n\t\t\t\t<section class=\"elementor-section elementor-top-section elementor-element elementor-element-7ec65bf elementor-section-boxed elementor-section-height-default elementor-section-height-default sc_fly_static\" data-id=\"7ec65bf\" data-element_type=\"section\">\n\t\t\t\t\t\t<div class=\"elementor-container elementor-column-gap-extended\">\n\t\t\t\t\t<div class=\"elementor-column elementor-col-100 elementor-top-column elementor-element elementor-element-2f4b0a2 sc_content_align_inherit sc_layouts_column_icons_position_left sc_fly_static\" data-id=\"2f4b0a2\" data-element_type=\"column\">\n\t\t\t<div class=\"elementor-widget-wrap elementor-element-populated\">\n\t\t\t\t\t\t<div class=\"elementor-element elementor-element-c36b9dc sc_fly_static elementor-widget elementor-widget-text-editor\" data-id=\"c36b9dc\" data-element_type=\"widget\" data-widget_type=\"text-editor.default\">\n\t\t\t\t<div class=\"elementor-widget-container\">\n\t\t\t\t\t\t\t\t\t<h4><strong>1. \u00c9diteur du site<\/strong><\/h4><p><strong>\u0627\u0644\u0645\u0648\u0642\u0639 \u0627\u0644\u062d\u0627\u0644\u064a \u0639\u0644\u0649 \u0627\u0644\u0625\u0646\u062a\u0631\u0646\u062a<\/strong><a href=\"https:\/\/ateliervassant.com\/ar\/\"><strong>\u00a0<\/strong><\/a><span style=\"color: #513a28;\"><b>https:\/\/ateliervassant.com\/<\/b><\/span><b>\u00a0\u00e9dit\u00e9 \u00e9dit\u00e9 par : \u0623\u062a\u064a\u0644\u064a\u0647 \u0641\u0627\u0633\u0627\u0646<\/b><br \/><b>Forme juridique : SARL<\/b><br \/><b>Si\u00e8ge social : 33 RUE 33 RUE DES DES MONTIBOEUUUUFS, 75020 \u0628\u0627\u0631\u064a\u0633 \u0641\u0631\u0646\u0633\u0627<\/b><br \/><b>France RCS : [num\u00e9ro RCS \u00e0 ins\u00e9rer]<\/b><br \/><b>\u0631\u0642\u0645 TVA intracommunautaire : [\u00e0 ins\u00e9rer]<\/b><br \/><b>\u0627\u0644\u0628\u0631\u064a\u062f \u0627\u0644\u0625\u0644\u0643\u062a\u0631\u0648\u0646\u064a : info@aterliervassant.com\u00a0<br \/><\/b><b style=\"font-family: inherit; font-style: inherit;\">\u0627\u0644\u0647\u0627\u062a\u0641 :\u00a0<\/b><b>01 33 81 00 39<\/b><\/p><h4><strong>2. Directeur de la publication<\/strong><\/h4><p><strong>\u0645\u062f\u064a\u0631 \u0627\u0644\u0646\u0634\u0631 :<br \/>M. \u0633\u0646\u0646\u062f\u0648\u0646 <\/strong><\/p><h4><strong>3. H\u00e9bergement du site<\/strong><\/h4><p><strong>\u0627\u0644\u0645\u0648\u0642\u0639 \u0647\u0648 \u0645\u0648\u0642\u0639 h\u00e9berg\u00e9 par :<br \/>\u00a0\u0647\u0648\u0633\u062a\u0646\u062c\u0631 \u0627\u0644\u062f\u0648\u0644\u064a\u0629 \u0627\u0644\u0645\u062d\u062f\u0648\u062f\u0629<br \/>\u00a0\u0627\u0644\u0639\u0646\u0648\u0627\u0646 : 61 \u0634\u0627\u0631\u0639 \u0644\u0648\u0631\u062f\u0648 \u0641\u064a\u0631\u0648\u0646\u0648\u0633\u060c 6023 \u0644\u0627\u0631\u0646\u0643\u0627\u060c \u0634\u064a\u0628\u0631<br \/>\u00a0\u0645\u0648\u0642\u0639 \u0627\u0644\u0648\u064a\u0628 :<\/strong><a href=\"https:\/\/www.hostinger.com\"><strong> https:\/\/www.hostinger.com<\/strong><\/a><\/p><h4><strong>4. \u062a\u0637\u0648\u064a\u0631 \u0627\u0644\u0645\u0648\u0642\u0639 \u0648\u0635\u064a\u0627\u0646\u062a\u0647<\/strong><\/h4><p><strong>\u062a\u0645 \u062a\u0635\u0645\u064a\u0645 \u0627\u0644\u0645\u0648\u0642\u0639 \u0645\u0646 \u0642\u0628\u0644 :<br \/>\u00a0\u0648\u0643\u0627\u0644\u0629 \u0628\u0644\u0627\u0628\u0644\u0628\u0644\u0627 \u0628\u0644\u0627\u0628\u0644\u0647 \u0627\u0644\u0645\u062d\u062f\u0648\u062f\u0629<br \/>\u00a0\u0633\u064a\u062c \u0633\u0648\u0633\u064a\u0627\u0644 : 13 \u0634\u0627\u0631\u0639 \u0644\u064a\u0632\u060c 74404 \u0643\u0648\u0631\u064a\u0628\u064a\u0628\u060c \u0645\u0648\u0631\u064a\u0633<br \/>\u00a0\u0627\u0644\u0628\u0631\u064a\u062f \u0627\u0644\u0625\u0644\u0643\u062a\u0631\u0648\u0646\u064a : [email agence]<\/strong><\/p><h4><strong>5. Propri\u00e9t\u00e9 intellectuelle<\/strong><\/h4><p><strong>\u0645\u062c\u0645\u0648\u0639\u0629 \u0627\u0644\u0645\u062d\u062a\u0648\u064a\u0627\u062a \u0627\u0644\u0645\u0648\u062c\u0648\u062f\u0629 \u0639\u0644\u0649 \u0627\u0644\u0645\u0648\u0642\u0639 (\u0627\u0644\u0646\u0635\u0648\u0635 \u0648\u0627\u0644\u0635\u0648\u0631 \u0648\u0627\u0644\u0631\u0633\u0648\u0645 \u0627\u0644\u0628\u064a\u0627\u0646\u064a\u0629 \u0648\u0627\u0644\u0634\u0639\u0627\u0631 \u0648\u0627\u0644\u0623\u064a\u0642\u0648\u0646\u0627\u062a \u0648\u063a\u064a\u0631\u0647\u0627) \u0647\u064a \u0645\u0644\u0643\u064a\u0629 \u062d\u0635\u0631\u064a\u0629 \u0644\u00a0<\/strong><span style=\"font-weight: bold; font-family: Montserrat, sans-serif; font-size: 17px; font-style: normal;\">\u0623\u062a\u064a\u0644\u064a\u0647 \u0641\u0627\u0633\u0627\u0646\u062a<\/span><strong>, \u060c\u0630\u0643\u0631 \u0639\u0643\u0633 \u0630\u0644\u0643.<br \/>\u00a0\u064a\u064f\u062d\u0638\u0631 \u0623\u064a \u0627\u0633\u062a\u0646\u0633\u0627\u062e \u0623\u0648 \u0625\u0639\u0627\u062f\u0629 \u0639\u0631\u0636 \u0623\u0648 \u062a\u0639\u062f\u064a\u0644 \u0623\u0648 \u0646\u0634\u0631 \u0623\u0648 \u062a\u0643\u064a\u064a\u0641 \u0623\u064a \u062c\u0632\u0621 \u0645\u0646 \u0639\u0646\u0627\u0635\u0631 \u0627\u0644\u0645\u0648\u0642\u0639\u060c \u0645\u0647\u0645\u0627 \u0643\u0627\u0646\u062a \u0627\u0644\u0637\u0631\u064a\u0642\u0629 \u0623\u0648 \u0627\u0644\u0637\u0631\u064a\u0642\u0629 \u0627\u0644\u0645\u0633\u062a\u062e\u062f\u0645\u0629\u060c \u062f\u0648\u0646 \u0627\u0644\u062d\u0635\u0648\u0644 \u0639\u0644\u0649 \u0625\u0630\u0646 \u0631\u0633\u0645\u064a \u0645\u0633\u0628\u0642.<\/strong><\/p><h4><strong>6. Limitation de responsabilit\u00e9<\/strong><\/h4><p><span style=\"font-family: Montserrat, sans-serif; font-size: 17px; font-style: normal; font-weight: bold;\">\u0623\u062a\u064a\u0644\u064a\u0647 \u0641\u0627\u0633\u0627\u0646\u062a<\/span><strong>\u00a0\u0644\u0627 \u064a\u0645\u0643\u0646 \u0627\u0639\u062a\u0628\u0627\u0631\u0647 \u0645\u0633\u0624\u0648\u0644\u0627\u064b \u0639\u0646 \u0627\u0644\u0623\u0636\u0631\u0627\u0631 \u0627\u0644\u0645\u0628\u0627\u0634\u0631\u0629 \u0648\u063a\u064a\u0631 \u0627\u0644\u0645\u0628\u0627\u0634\u0631\u0629 \u0627\u0644\u062a\u064a \u062a\u0644\u062d\u0642 \u0628\u0627\u0644\u0645\u0648\u0627\u062f \u0627\u0644\u0645\u0633\u062a\u062e\u062f\u0645\u0629 \u0641\u064a \u0627\u0644\u0645\u0648\u0642\u0639.<br \/>\u00a0\u064a\u062d\u062a\u0648\u064a \u0627\u0644\u0645\u0648\u0642\u0639 \u0639\u0644\u0649 \u0631\u0648\u0627\u0628\u0637 \u062a\u0634\u0639\u0628\u064a\u0629 \u0644\u0645\u0648\u0627\u0642\u0639 \u0623\u062e\u0631\u0649; ;\u00a0<\/strong><span style=\"font-weight: bold; font-family: Montserrat, sans-serif; font-size: 17px; font-style: normal;\">\u0623\u062a\u064a\u0644\u064a\u0647 \u0641\u0627\u0633\u0627\u0646\u062a<\/span><strong>\u00a0\u0644\u0627 \u062a\u062a\u062d\u0645\u0644 \u0623\u064a \u0645\u0633\u0624\u0648\u0644\u064a\u0629 \u0639\u0646 \u0645\u062d\u062a\u0648\u0649 \u0647\u0630\u0647 \u0627\u0644\u0645\u0648\u0627\u0642\u0639 \u0627\u0644\u062e\u0627\u0631\u062c\u064a\u0629.<\/strong><\/p><h4><strong>7. Donn\u00e9es personnelles<\/strong><\/h4><p><strong>\u0627\u0644\u0645\u0639\u0644\u0648\u0645\u0627\u062a \u0627\u0644\u062a\u064a \u064a\u062a\u0645 \u0627\u0644\u062d\u0635\u0648\u0644 \u0639\u0644\u064a\u0647\u0627 \u0639\u0628\u0631 \u0627\u0644\u0645\u0648\u0642\u0639 (\u0635\u064a\u063a\u0629 \u0627\u0644\u0627\u062a\u0635\u0627\u0644\u060c \u0645\u0644\u0641\u0627\u062a \u062a\u0639\u0631\u064a\u0641 \u0627\u0644\u0627\u0631\u062a\u0628\u0627\u0637) \u064a\u062a\u0645 \u0627\u0644\u062a\u0639\u0627\u0645\u0644 \u0645\u0639\u0647\u0627 \u0648\u0641\u0642\u064b\u0627 \u0644\u0633\u064a\u0627\u0633\u0629 \u0627\u0644\u0633\u0631\u064a\u0629\u060c \u064a\u0645\u0643\u0646 \u0627\u0644\u0631\u062c\u0648\u0639 \u0625\u0644\u064a\u0647\u0627 \u0641\u064a \u0627\u0644\u0635\u0641\u062d\u0629 \u0627\u0644\u0645\u062e\u0635\u0635\u0629.<\/strong><\/p><h4><strong>8. \u0627\u0644\u0642\u0627\u0646\u0648\u0646 \u0627\u0644\u0648\u0627\u062c\u0628 \u0627\u0644\u062a\u0637\u0628\u064a\u0642<\/strong><\/h4><p><strong>\u0625\u0646 \u0627\u0644\u0625\u0634\u0627\u0631\u0627\u062a \u0627\u0644\u0648\u0627\u0631\u062f\u0629 \u0623\u0639\u0644\u0627\u0647 \u0647\u064a \u0623\u062d\u0643\u0627\u0645 \u0627\u0644\u0642\u0627\u0646\u0648\u0646 \u0627\u0644\u0641\u0631\u0646\u0633\u064a. \u0643\u0644 \u0627\u0644\u062f\u0639\u0627\u0648\u0649 \u0627\u0644\u0642\u0636\u0627\u0626\u064a\u0629 \u0627\u0644\u0645\u062a\u0639\u0644\u0642\u0629 \u0628\u062a\u0641\u0633\u064a\u0631\u0647\u0627 \u0648\u062a\u0646\u0641\u064a\u0630\u0647\u0627 \u062a\u062a\u0639\u0644\u0642 \u0628\u0627\u0644\u0645\u062d\u0627\u0643\u0645 \u0627\u0644\u0645\u062e\u062a\u0635\u0629 \u0628\u0645\u062c\u0645\u0648\u0639\u0629 \u0645\u0646 \u0627\u0644\u0623\u062d\u0643\u0627\u0645 \u0627\u0644\u0635\u0627\u062f\u0631\u0629 \u0639\u0646 \u0627\u0644\u0645\u062d\u0643\u0645\u0629 \u0627\u0644\u0627\u062c\u062a\u0645\u0627\u0639\u064a\u0629 \u0644\u0644\u0645\u0624\u0633\u0633\u0629.<\/strong><\/p>\t\t\t\t\t\t\t\t<\/div>\n\t\t\t\t<\/div>\n\t\t\t\t\t<\/div>\n\t\t<\/div>\n\t\t\t\t\t<\/div>\n\t\t<\/section>\n\t\t\t\t<\/div>","protected":false},"excerpt":{"rendered":"<p>Mentions l\u00e9gales 1. \u00c9diteur du site Le pr\u00e9sent site internet\u00a0https:\/\/ateliervassant.com\/\u00a0est \u00e9dit\u00e9 par : Atelier VassantForme juridique : SARLSi\u00e8ge social : 33 RUE DES MONTIBOEUFS, 75020 PARIS FranceFrance RCS : [num\u00e9ro&hellip;<\/p>","protected":false},"author":1,"featured_media":0,"parent":0,"menu_order":0,"comment_status":"closed","ping_status":"closed","template":"elementor_canvas","meta":{"footnotes":""},"class_list":["post-407","page","type-page","status-publish","hentry"],"_links":{"self":[{"href":"https:\/\/ateliervassant.com\/ar\/wp-json\/wp\/v2\/pages\/407","targetHints":{"allow":["GET"]}}],"collection":[{"href":"https:\/\/ateliervassant.com\/ar\/wp-json\/wp\/v2\/pages"}],"about":[{"href":"https:\/\/ateliervassant.com\/ar\/wp-json\/wp\/v2\/types\/page"}],"author":[{"embeddable":true,"href":"https:\/\/ateliervassant.com\/ar\/wp-json\/wp\/v2\/users\/1"}],"replies":[{"embeddable":true,"href":"https:\/\/ateliervassant.com\/ar\/wp-json\/wp\/v2\/comments?post=407"}],"version-history":[{"count":53,"href":"https:\/\/ateliervassant.com\/ar\/wp-json\/wp\/v2\/pages\/407\/revisions"}],"predecessor-version":[{"id":1063,"href":"https:\/\/ateliervassant.com\/ar\/wp-json\/wp\/v2\/pages\/407\/revisions\/1063"}],"wp:attachment":[{"href":"https:\/\/ateliervassant.com\/ar\/wp-json\/wp\/v2\/media?parent=407"}],"curies":[{"name":"\u062f\u0628\u0644\u064a\u0648 \u0628\u064a","href":"https:\/\/api.w.org\/{rel}","templated":true}]}}