{"id":3,"date":"2025-08-31T19:04:40","date_gmt":"2025-08-31T19:04:40","guid":{"rendered":"https:\/\/ateliervassant.com\/?page_id=3"},"modified":"2025-09-22T19:25:13","modified_gmt":"2025-09-22T19:25:13","slug":"%d8%b3%d9%8a%d8%a7%d8%b3%d8%a9-%d8%a7%d9%84%d8%b3%d8%b1%d9%8a%d8%a9","status":"publish","type":"page","link":"https:\/\/ateliervassant.com\/ar\/%d8%b3%d9%8a%d8%a7%d8%b3%d8%a9-%d8%a7%d9%84%d8%b3%d8%b1%d9%8a%d8%a9\/","title":{"rendered":"\u0633\u064a\u0627\u0633\u0629 \u0627\u0644\u0633\u0631\u064a\u0629"},"content":{"rendered":"<div data-elementor-type=\"wp-page\" data-elementor-id=\"3\" class=\"elementor elementor-3\">\n\t\t\t\t\t\t<section class=\"elementor-section elementor-top-section elementor-element elementor-element-5f0e56be elementor-section-boxed elementor-section-height-default elementor-section-height-default sc_fly_static\" data-id=\"5f0e56be\" data-element_type=\"section\">\n\t\t\t\t\t\t<div class=\"elementor-container elementor-column-gap-extended\">\n\t\t\t\t\t<div class=\"elementor-column elementor-col-100 elementor-top-column elementor-element elementor-element-a5de4c7 sc_content_align_inherit sc_layouts_column_icons_position_left sc_fly_static\" data-id=\"a5de4c7\" data-element_type=\"column\">\n\t\t\t<div class=\"elementor-widget-wrap elementor-element-populated\">\n\t\t\t\t\t\t<div class=\"elementor-element elementor-element-57d091b0 sc_fly_static elementor-widget elementor-widget-text-editor\" data-id=\"57d091b0\" data-element_type=\"widget\" data-widget_type=\"text-editor.default\">\n\t\t\t\t<div class=\"elementor-widget-container\">\n\t\t\t\t\t\t\t\t\t<p><\/p>\n<h2 class=\"wp-block-heading\"><strong>\u0633\u064a\u0627\u0633\u0629 \u0627\u0644\u0633\u0631\u064a\u0629<\/strong><\/h2>\n<p><strong>\u0622\u062e\u0631 \u0645\u0648\u0639\u062f \u0644\u0644\u062a\u0642\u062f\u064a\u0645: 22 \u0633\u0628\u062a\u0645\u0628\u0631 2025<\/strong><\/p>\n<h4><strong>1. Responsable du traitement<\/strong><\/h4>\n<p>\u0627\u0644\u0645\u0633\u0624\u0648\u0644 \u0639\u0646 \u0645\u0639\u0627\u0644\u062c\u0629 \u0627\u0644\u062a\u0628\u0631\u0639\u0627\u062a \u0647\u0648 :<br><strong>\u0623\u062a\u064a\u0644\u064a\u0647 \u0641\u0627\u0633\u0627\u0646\u062a<br><\/strong>&nbsp;Si\u00e8ge social : 33 RUE 33 RUE DES DES MONTIBOEUUUUFS, 75020 \u0628\u0627\u0631\u064a\u0633 \u0641\u0631\u0646\u0633\u0627<br>&nbsp;\u0627\u0644\u0628\u0631\u064a\u062f \u0627\u0644\u0625\u0644\u0643\u062a\u0631\u0648\u0646\u064a \u0644\u0644\u0627\u062a\u0635\u0627\u0644 : info@aterliervassant.com<br>&nbsp;\u062a\u0644\u064a\u0641\u0648\u0646 : 01 33 81 81 00 00 39<\/p>\n<p>\u0627\u0644\u0645\u0648\u0642\u0639 <b>ateliervassant.com<\/b>&nbsp;a \u00e9t\u00e9 d\u00e9velopp\u00e9 par <strong>\u0648\u0643\u0627\u0644\u0629 \u0628\u0644\u0627\u0628\u0644\u0628\u0644\u0627 \u0628\u0644\u0627\u0628\u0644\u0647 \u0627\u0644\u0645\u062d\u062f\u0648\u062f\u0629<\/strong>, \u060c\u0645\u0648\u0642\u0639\u0647 \u0641\u064a <strong>13 \u0634\u0627\u0631\u0639 \u0644\u064a\u0632 13\u060c 74404 \u0643\u0648\u0631\u064a\u0628\u064a\u0628\u060c \u0645\u0648\u0631\u064a\u0633<\/strong>.<br>&nbsp;\u0627\u0644\u0633\u0643\u0646 \u0645\u0636\u0645\u0648\u0646 \u0628\u0640 <strong>\u0647\u0648\u0633\u062a\u0646\u062c\u0631 \u0627\u0644\u062f\u0648\u0644\u064a\u0629 \u0627\u0644\u0645\u062d\u062f\u0648\u062f\u0629<\/strong>, \u060c \u062d\u064a\u062b \u064a\u062a\u0645 \u0627\u0633\u062a\u062e\u062f\u0627\u0645 \u0627\u0644\u062e\u0648\u0627\u062f\u0645 \u0644\u062a\u062e\u0632\u064a\u0646 \u0627\u0644\u0645\u062d\u062a\u0648\u0649 \u0648\u0627\u0633\u062a\u063a\u0644\u0627\u0644 \u062a\u0642\u0646\u064a\u0629 \u0627\u0644\u0645\u0648\u0642\u0639.<\/p>\n<h4><strong>2. Donn\u00e9es collect\u00e9es<\/strong><\/h4>\n<p>\u0646\u062d\u0646 \u0646\u062c\u0645\u0639 \u0627\u0644\u062a\u0628\u0631\u0639\u0627\u062a \u0627\u0644\u062a\u0627\u0644\u064a\u0629 \u0639\u0646\u062f \u062a\u0635\u0641\u062d\u0643 \u0644\u0644\u0645\u0648\u0642\u0639:<\/p>\n<ul>\n<li><strong>\u0628\u064a\u0627\u0646\u0627\u062a \u0627\u0644\u062a\u0639\u0631\u064a\u0641<\/strong>, \u060c\u0627\u0633\u0645\u0643 \u0623\u0648 \u0627\u0633\u0645\u0643 \u0623\u0648 \u0627\u0633\u0645 \u0639\u0627\u0626\u0644\u062a\u0643 \u0623\u0648 \u0639\u0646\u0648\u0627\u0646 \u0628\u0631\u064a\u062f\u0643 \u0627\u0644\u0625\u0644\u0643\u062a\u0631\u0648\u0646\u064a \u0623\u0648 \u0647\u0627\u062a\u0641\u0643\u060c \u0639\u0646\u062f \u0625\u0639\u0627\u062f\u0629 \u0645\u0644\u0621 \u0646\u0645\u0648\u0630\u062c \u0627\u0644\u0627\u062a\u0635\u0627\u0644.\n<\/li>\n<li><strong>Donn\u00e9es de navigation<\/strong>, \u060c \u0645\u062b\u0644 \u0639\u0646\u0648\u0627\u0646 \u0628\u0631\u0648\u062a\u0648\u0643\u0648\u0644 \u0627\u0644\u0625\u0646\u062a\u0631\u0646\u062a\u060c \u0648\u0646\u0648\u0639 \u0627\u0644\u0645\u062a\u0635\u0641\u062d\u060c \u0648\u0627\u0644\u0635\u0641\u062d\u0627\u062a \u0627\u0644\u062a\u064a \u062a\u0645\u062a \u0632\u064a\u0627\u0631\u062a\u0647\u0627 \u0623\u0648 \u0627\u0644\u0648\u0642\u062a \u0627\u0644\u0630\u064a \u0645\u0631 \u0639\u0644\u0649 \u0627\u0644\u0645\u0648\u0642\u0639\u060c \u0648\u0627\u0644\u062a\u064a \u064a\u062a\u0645 \u062c\u0645\u0639\u0647\u0627 \u0645\u0646 \u062e\u0644\u0627\u0644 \u0645\u0644\u0641\u0627\u062a \u062a\u0639\u0631\u064a\u0641 \u0627\u0644\u0627\u0631\u062a\u0628\u0627\u0637 \u0648\u0627\u0644\u062a\u062d\u0644\u064a\u0644\u0627\u062a.\n<\/li>\n<\/ul>\n<h4><strong>3. Finalit\u00e9s du traitement<\/strong><\/h4>\n<p>\u062a\u064f\u0633\u062a\u062e\u062f\u0645 \u062a\u0628\u0631\u0639\u0627\u062a\u0643 \u0641\u064a :<\/p>\n<ul>\n<li>\u0627\u0644\u0631\u062f \u0639\u0644\u0649 \u0637\u0644\u0628\u0627\u062a\u0643 \u0639\u0628\u0631 \u0635\u064a\u063a\u0629 \u0627\u0644\u0627\u062a\u0635\u0627\u0644.\n<\/li>\n<li>\u062a\u0642\u062f\u064a\u0645 \u0627\u0644\u062e\u062f\u0645\u0627\u062a \u0627\u0644\u0645\u0637\u0644\u0648\u0628\u0629.\n<\/li>\n<li>\u062a\u062d\u0633\u064a\u0646 \u062a\u062c\u0631\u0628\u0629 \u0627\u0644\u0645\u0633\u062a\u062e\u062f\u0645 \u0648\u0645\u062d\u062a\u0648\u0649 \u0627\u0644\u0645\u0648\u0642\u0639.\n<\/li>\n<li>\u0636\u0645\u0627\u0646 \u0633\u0644\u0627\u0645\u0629 \u0627\u0644\u0645\u0648\u0642\u0639 \u0648\u0623\u062f\u0627\u0626\u0647 \u0648\u062a\u0642\u0646\u064a\u0629 \u0635\u064a\u0627\u0646\u062a\u0647.\n<\/li>\n<\/ul>\n<h4><strong>4. Base l\u00e9gale du traitement<\/strong><\/h4>\n<p>Le traitement de vos donn\u00e9es repose sur :<\/p>\n<ul>\n<li>\u0641\u0648\u062a\u0631\u064a <strong>\u0627\u0644\u0645\u0648\u0627\u0641\u0642\u0629<\/strong>, \u060c \u0644\u0627 \u0633\u064a\u0645\u0627 \u0639\u0628\u0631 \u0645\u0644\u0641\u0627\u062a \u062a\u0639\u0631\u064a\u0641 \u0627\u0644\u0627\u0631\u062a\u0628\u0627\u0637 \u0648\u0627\u0644\u0635\u064a\u063a.\n<\/li>\n<li>L\u2019<strong>ex\u00e9cution d'un contrat ou de mesures pr\u00e9contractuelles<\/strong>, \u0627\u062a\u0635\u0644 \u0628\u0646\u0627.\n<\/li>\n<li>L\u2019<strong>int\u00e9r\u00eat l\u00e9gitime<\/strong> \u0627\u0644\u0645\u0624\u0633\u0633\u0629 \u0645\u0646 \u0623\u062c\u0644 \u062a\u0623\u0645\u064a\u0646 \u0627\u0644\u0645\u0648\u0642\u0639 \u0648\u062a\u062d\u0633\u064a\u0646\u0647.\n<\/li>\n<\/ul>\n<h4><strong>5. Destinataires des donn\u00e9es<\/strong><\/h4>\n<p>\u062a\u0628\u0631\u0639\u0627\u062a\u0643 \u0645\u0648\u062c\u0647\u0629 \u0625\u0644\u0649 <strong>\u0623\u062a\u064a\u0644\u064a\u0647 \u0641\u0627\u0633\u0627\u0646\u062a<\/strong>&nbsp;\u0644\u0644\u0627\u0633\u062a\u062e\u062f\u0627\u0645\u0627\u062a \u0627\u0644\u0645\u0630\u0643\u0648\u0631\u0629 \u0623\u0639\u0644\u0627\u0647.<br>&nbsp;\u064a\u0645\u0643\u0646 \u0644\u0644\u062e\u0628\u0631\u0627\u0621 \u0627\u0644\u062a\u0642\u0646\u064a\u064a\u0646 (\u0648\u0643\u0627\u0644\u0629 \u0627\u0644\u0648\u064a\u0628 \u0648\u0627\u0644\u062d\u0648\u0633\u0628\u0629) \u0627\u0644\u0648\u0635\u0648\u0644 \u0625\u0644\u0649 \u0647\u0630\u0647 \u0627\u0644\u062e\u062f\u0645\u0629 \u0641\u064a \u0625\u0637\u0627\u0631 \u0645\u0647\u0627\u0645\u0647\u0645 \u0641\u064a <strong>\u0627\u0644\u0635\u064a\u0627\u0646\u0629 \u0623\u0648 \u0627\u0644\u0635\u064a\u0627\u0646\u0629 \u0623\u0648 \u0627\u0644\u0635\u064a\u0627\u0646\u0629 \u0623\u0648 \u0627\u0644\u062a\u0637\u0648\u064a\u0631<\/strong>.<\/p>\n<h4><strong>6. Dur\u00e9e de conservation<\/strong><\/h4>\n<ul>\n<li><strong>\u0628\u064a\u0627\u0646\u0627\u062a \u0627\u0644\u0627\u062a\u0635\u0627\u0644<\/strong> :: \u0645\u062d\u0641\u0648\u0638\u0629 \u0641\u064a \u0627\u0644\u0642\u0644\u0627\u062f\u0629 <strong>3 \u0623\u0646\u0635<\/strong> a compter du dernier \u00e9change.\n<\/li>\n<li><strong>Donn\u00e9es de navigation<\/strong> (\u0645\u0644\u0641\u0627\u062a \u062a\u0639\u0631\u064a\u0641 \u0627\u0644\u0627\u0631\u062a\u0628\u0627\u0637): \u0645\u062d\u0641\u0648\u0638\u0629 \u0641\u064a \u0641\u062a\u0631\u0629 \u0623\u0642\u0635\u0627\u0647\u0627 <strong>13 \u0634\u0647\u0631<\/strong>.\n<\/li>\n<\/ul>\n<h4><strong>7. \u0645\u0644\u0641\u0627\u062a \u062a\u0639\u0631\u064a\u0641 \u0627\u0644\u0627\u0631\u062a\u0628\u0627\u0637 \u0648\u0623\u062f\u0648\u0627\u062a \u0627\u0644\u0645\u062a\u0627\u0628\u0639\u0629<\/strong><\/h4>\n<p>\u064a\u0633\u062a\u062e\u062f\u0645 \u0627\u0644\u0645\u0648\u0642\u0639 \u0645\u0644\u0641\u0627\u062a \u062a\u0639\u0631\u064a\u0641 \u0627\u0644\u0627\u0631\u062a\u0628\u0627\u0637 \u0645\u0646 \u0623\u062c\u0644 :<\/p>\n<ul>\n<li>\u062a\u062d\u0633\u064a\u0646 \u0627\u0644\u062a\u0646\u0642\u0644 \u0639\u0644\u0649 \u0627\u0644\u0646\u062d\u0648 \u0627\u0644\u0623\u0645\u062b\u0644.\n<\/li>\n<li>\u062a\u062d\u0644\u064a\u0644 \u0627\u0644\u0645\u062d\u062a\u0648\u0649.<br>\u064a\u0645\u0643\u0646\u0643 \u062a\u062d\u062f\u064a\u062f \u062a\u0641\u0636\u064a\u0644\u0627\u062a\u0643 \u0639\u0628\u0631 \u0645\u062a\u0635\u0641\u062d\u0643 \u0623\u0648 \u0631\u0641\u0636 \u0645\u0644\u0641\u0627\u062a \u062a\u0639\u0631\u064a\u0641 \u0627\u0644\u0627\u0631\u062a\u0628\u0627\u0637 \u063a\u064a\u0631 \u0627\u0644\u0623\u0633\u0627\u0633\u064a\u0629.\n<\/li>\n<\/ul>\n<h4><strong>8. S\u00e9curit\u00e9 des donn\u00e9es<\/strong><\/h4>\n<p>\u0644\u0642\u062f \u0648\u0636\u0639\u0646\u0627 \u0625\u062c\u0631\u0627\u0621\u0627\u062a \u062a\u0642\u0646\u064a\u0629 \u0648\u062a\u0646\u0638\u064a\u0645\u064a\u0629 \u0645\u0644\u0627\u0626\u0645\u0629 \u0644\u062d\u0645\u0627\u064a\u0629 \u0628\u064a\u0627\u0646\u0627\u062a\u0643 \u0627\u0644\u0634\u062e\u0635\u064a\u0629 (h\u00e9bergement s\u00e9curisureement\u060c \u0648\u0627\u0644\u0648\u0635\u0648\u0644 \u0627\u0644\u0645\u0631\u0627\u0642\u0628\u060c \u0648\u0634\u0641\u0631\u0629 HTTPS).<\/p>\n<h4><strong>9. Vos droits<\/strong><\/h4>\n<p>\u0645\u0637\u0627\u0628\u0642 \u0644\u0640 <strong>\u0627\u0644\u0644\u0627\u0626\u062d\u0629 \u0627\u0644\u0639\u0627\u0645\u0629 \u0644\u062d\u0645\u0627\u064a\u0629 \u0627\u0644\u0628\u064a\u0627\u0646\u0627\u062a (R\u00e8glement G\u00e9n\u00e9ral sur la Protection des Donn\u00e9es (RGPD))<\/strong> et \u00e0 la r\u00e9glementation fran\u00e7aise, vous dispose des droits suivants :<\/p>\n<ul>\n<li><strong>\u0623\u0643\u0633\u064a\u0633<\/strong> \u0641\u064a vos donn\u00e9es.\n<\/li>\n<li><strong>\u0627\u0644\u062a\u0635\u062d\u064a\u062d<\/strong> des donn\u00e9es inexactactes.\n<\/li>\n<li><strong>\u0627\u0644\u0625\u0632\u0627\u062d\u0629<\/strong> \u062f\u064a \u0641\u0648\u0633 \u062f\u0648\u0646\u064a\u0647.\n<\/li>\n<li><strong>\u0627\u0644\u062a\u0642\u064a\u064a\u062f<\/strong> \u0623\u0648 \u0645\u0639\u0627\u0631\u0636\u0629 \u0628\u0639\u0636 \u0627\u0644\u0635\u0641\u0627\u062a.\n<\/li>\n<li><strong>\u0627\u0633\u062a\u0631\u062c\u0627\u0639 \u0627\u0644\u0645\u0648\u0627\u0641\u0642\u0629<\/strong> \u0644\u062d\u0638\u0629 \u0628\u0644\u062d\u0638\u0629.\n<\/li>\n<\/ul>\n<p>\u0644\u0645\u0645\u0627\u0631\u0633\u0629 \u062d\u0642\u0648\u0642\u0643\u060c \u0627\u062a\u0635\u0644 \u0628\u0646\u0627 \u0639\u0644\u0649 :<br>&nbsp;\u0627\u0644\u0628\u0631\u064a\u062f \u0627\u0644\u0625\u0644\u0643\u062a\u0631\u0648\u0646\u064a : [\u00e0 ins\u00e9rer]<br>&nbsp;\u0627\u0644\u0639\u0646\u0648\u0627\u0646 \u0627\u0644\u0628\u0631\u064a\u062f\u064a : 4 Chemin Marcelin Berthelot, 59200 Tourcoing, France<\/p>\n<h4><strong>10. Transferts de donn\u00e9es hors UE<\/strong><\/h4>\n<p>\u064a\u062a\u0645 \u0627\u0644\u0627\u062d\u062a\u0641\u0627\u0638 \u0628\u0627\u0644\u0628\u064a\u0627\u0646\u0627\u062a \u0641\u064a \u062e\u0648\u0627\u062f\u0645 \u062e\u062f\u0645\u0629 <strong>\u0647\u0648\u0633\u062a\u0646\u062c\u0631 \u0627\u0644\u062f\u0648\u0644\u064a\u0629 \u0627\u0644\u0645\u062d\u062f\u0648\u062f\u0629<\/strong> (UE). Aucun transferert en dehors de l'Union Europ\u00e9enne n'effectu\u00e9 n'est effectu\u00e9 sans garanties appropri\u00e9es.<\/p>\n<h4><strong>11. \u062a\u0639\u062f\u064a\u0644 \u0627\u0644\u0633\u064a\u0627\u0633\u0629<\/strong><\/h4>\n<p>\u064a\u0645\u0643\u0646 \u0627\u0644\u0627\u0637\u0644\u0627\u0639 \u0639\u0644\u0649 \u0647\u0630\u0647 \u0627\u0644\u0633\u064a\u0627\u0633\u0629 \u0641\u064a \u0623\u064a \u0648\u0642\u062a. \u0627\u0644\u0646\u0633\u062e\u0629 \u0627\u0644\u0623\u062d\u062f\u062b \u0645\u062a\u0627\u062d\u0629 \u062f\u0627\u0626\u0645\u064b\u0627 \u0639\u0644\u0649 \u0647\u0630\u0647 \u0627\u0644\u0635\u0641\u062d\u0629.<\/p>\t\t\t\t\t\t\t\t<\/div>\n\t\t\t\t<\/div>\n\t\t\t\t\t<\/div>\n\t\t<\/div>\n\t\t\t\t\t<\/div>\n\t\t<\/section>\n\t\t\t\t<\/div>","protected":false},"excerpt":{"rendered":"<p>Politique de Confidentialit\u00e9 Derni\u00e8re mise \u00e0 jour : 22 Septembre 2025 1. Responsable du traitement Le responsable du traitement des donn\u00e9es est :Atelier Vassant&nbsp;Si\u00e8ge social : 33 RUE DES MONTIBOEUFS,&hellip;<\/p>","protected":false},"author":1,"featured_media":0,"parent":0,"menu_order":0,"comment_status":"closed","ping_status":"closed","template":"elementor_canvas","meta":{"footnotes":""},"class_list":["post-3","page","type-page","status-publish","hentry"],"_links":{"self":[{"href":"https:\/\/ateliervassant.com\/ar\/wp-json\/wp\/v2\/pages\/3","targetHints":{"allow":["GET"]}}],"collection":[{"href":"https:\/\/ateliervassant.com\/ar\/wp-json\/wp\/v2\/pages"}],"about":[{"href":"https:\/\/ateliervassant.com\/ar\/wp-json\/wp\/v2\/types\/page"}],"author":[{"embeddable":true,"href":"https:\/\/ateliervassant.com\/ar\/wp-json\/wp\/v2\/users\/1"}],"replies":[{"embeddable":true,"href":"https:\/\/ateliervassant.com\/ar\/wp-json\/wp\/v2\/comments?post=3"}],"version-history":[{"count":11,"href":"https:\/\/ateliervassant.com\/ar\/wp-json\/wp\/v2\/pages\/3\/revisions"}],"predecessor-version":[{"id":1051,"href":"https:\/\/ateliervassant.com\/ar\/wp-json\/wp\/v2\/pages\/3\/revisions\/1051"}],"wp:attachment":[{"href":"https:\/\/ateliervassant.com\/ar\/wp-json\/wp\/v2\/media?parent=3"}],"curies":[{"name":"\u062f\u0628\u0644\u064a\u0648 \u0628\u064a","href":"https:\/\/api.w.org\/{rel}","templated":true}]}}